{"id":1381,"date":"2025-11-26T12:55:38","date_gmt":"2025-11-26T11:55:38","guid":{"rendered":"https:\/\/artofcryo.com\/?page_id=1381"},"modified":"2026-03-09T17:15:38","modified_gmt":"2026-03-09T16:15:38","slug":"imprint","status":"publish","type":"page","link":"https:\/\/artofcryo.com\/en\/impressum\/","title":{"rendered":"Imprint"},"content":{"rendered":"<div data-elementor-type=\"wp-page\" data-elementor-id=\"1381\" class=\"elementor elementor-1381\" data-elementor-post-type=\"page\">\n\t\t\t\t<div class=\"elementor-element elementor-element-28fca32 e-flex e-con-boxed e-con e-parent\" data-id=\"28fca32\" data-element_type=\"container\" data-e-type=\"container\" data-settings=\"{&quot;background_background&quot;:&quot;classic&quot;}\">\n\t\t\t\t\t<div class=\"e-con-inner\">\n\t\t<div class=\"elementor-element elementor-element-1e83570 e-con-full e-flex e-con e-child\" data-id=\"1e83570\" data-element_type=\"container\" data-e-type=\"container\">\n\t\t\t\t<div class=\"elementor-element elementor-element-e0b0d3a elementor-widget elementor-widget-heading\" data-id=\"e0b0d3a\" data-element_type=\"widget\" data-e-type=\"widget\" data-widget_type=\"heading.default\">\n\t\t\t\t\t<div class=\"elementor-heading-title elementor-size-default\">Art of Cryo<\/div>\t\t\t\t<\/div>\n\t\t\t\t<div class=\"elementor-element elementor-element-2b018fa elementor-widget elementor-widget-heading\" data-id=\"2b018fa\" data-element_type=\"widget\" data-e-type=\"widget\" data-widget_type=\"heading.default\">\n\t\t\t\t\t<h1 class=\"elementor-heading-title elementor-size-default\">Imprint<\/h1>\t\t\t\t<\/div>\n\t\t\t\t<\/div>\n\t\t\t\t\t<\/div>\n\t\t\t\t<\/div>\n\t\t<div class=\"elementor-element elementor-element-d25574f e-flex e-con-boxed e-con e-parent\" data-id=\"d25574f\" data-element_type=\"container\" data-e-type=\"container\">\n\t\t\t\t\t<div class=\"e-con-inner\">\n\t\t<div class=\"elementor-element elementor-element-cc18785 e-con-full e-flex e-con e-child\" data-id=\"cc18785\" data-element_type=\"container\" data-e-type=\"container\">\n\t\t\t\t<div class=\"elementor-element elementor-element-e6d5c7f elementor-widget elementor-widget-heading\" data-id=\"e6d5c7f\" data-element_type=\"widget\" data-e-type=\"widget\" data-widget_type=\"heading.default\">\n\t\t\t\t\t<h2 class=\"elementor-heading-title elementor-size-default\">Imprint<\/h2>\t\t\t\t<\/div>\n\t\t\t\t<div class=\"elementor-element elementor-element-50de7fb elementor-widget elementor-widget-text-editor\" data-id=\"50de7fb\" data-element_type=\"widget\" data-e-type=\"widget\" data-widget_type=\"text-editor.default\">\n\t\t\t\t\t\t\t\t\t<p><strong>Art of Cryo a division of<\/strong><br \/>L &amp; R K\u00e4ltetechnik GmbH &amp; Co. KG<br \/>Hachener Str. 90a-c<br \/>59846 Sundern<\/p><p><strong>Management:<\/strong><br \/>Burkhard R\u00fc\u00dfmann, Andr\u00e9 R\u00fc\u00dfmann, Sebastian R\u00fc\u00dfmann<\/p><h2>Contact us<\/h2><p>Phone: +49 2935 9652 0<br \/>Fax: +49 2935 9652 501<br \/>e-mail: contact@artofcryo.com<\/p><h2>Sales tax ID<\/h2><p>Sales tax identification number according to \u00a7 27 a sales tax law:<br \/>DE 229 666 155<\/p><h2>Details of the trade register<\/h2><p>Hochsauerland District Craftsmen's Association<br \/>Enster Str. 11<br \/>59872 Meschede<\/p><h2>Information on public liability<\/h2><p>Leue &amp; Nill GmbH &amp; Co. KG<br \/>International insurance broker<br \/>Hohenzollernstr. 2-6<br \/>44135 Dortmund<\/p><h2>Editorially responsible<\/h2><p>Art of Cryo a division of<br \/>L&amp; R K\u00e4ltetechnik GmbH &amp; Co. KG<br \/>Hachener Str. 90a-c<br \/>59846 Sundern<\/p><h2>Consumer dispute resolution\/universal arbitration centre<\/h2><p>We are not willing or obliged to participate in dispute resolution proceedings before a consumer arbitration board.<\/p><h2>Design, conception &amp; realisation<\/h2><p>dk communications GmbH &amp; Co. KG<br \/>Holzener Weg 8<br \/>59759 Arnsberg<br \/>Internet: <a href=\"https:\/\/www.dk-communications.de\/\" target=\"_blank\" rel=\"noopener\">www.dk-communications.de<\/a><\/p>\t\t\t\t\t\t\t\t<\/div>\n\t\t\t\t<\/div>\n\t\t\t\t\t<\/div>\n\t\t\t\t<\/div>\n\t\t\t\t<\/div>","protected":false},"excerpt":{"rendered":"<p>Art of Cryo Impressum Impressum Art of Cryo eine Division vonL &amp; R K\u00e4ltetechnik GmbH &amp; Co. KGHachener Str. 90a-c59846 Sundern Gesch\u00e4ftsf\u00fchrung:Burkhard R\u00fc\u00dfmann, Andr\u00e9 R\u00fc\u00dfmann, Sebastian R\u00fc\u00dfmann Kontakt Telefon: +49 2935 9652 0Telefax: +49 2935 9652 501E-Mail: contact@artofcryo.com Umsatzsteuer-ID Umsatzsteuer-Identifikationsnummer gem\u00e4\u00df \u00a7 27 a Umsatzsteuergesetz:DE 229 666 155 Angaben zur Handwerksrolle Kreishandwerkerschaft HochsauerlandEnster Str. 1159872 [&hellip;]<\/p>\n","protected":false},"author":1,"featured_media":0,"parent":0,"menu_order":0,"comment_status":"closed","ping_status":"closed","template":"elementor_header_footer","meta":{"footnotes":""},"class_list":["post-1381","page","type-page","status-publish","hentry"],"yoast_head":"<!-- This site is optimized with the Yoast SEO plugin v27.3 - https:\/\/yoast.com\/product\/yoast-seo-wordpress\/ -->\n<title>Impressum - Art of Cryo<\/title>\n<meta name=\"robots\" content=\"index, follow, max-snippet:-1, max-image-preview:large, max-video-preview:-1\" \/>\n<link rel=\"canonical\" href=\"https:\/\/artofcryo.com\/en\/imprint\/\" \/>\n<meta property=\"og:locale\" content=\"en_GB\" \/>\n<meta property=\"og:type\" content=\"article\" \/>\n<meta property=\"og:title\" content=\"Impressum - Art of Cryo\" \/>\n<meta property=\"og:description\" content=\"Art of Cryo Impressum Impressum Art of Cryo eine Division vonL &amp; R K\u00e4ltetechnik GmbH &amp; Co. KGHachener Str. 90a-c59846 Sundern Gesch\u00e4ftsf\u00fchrung:Burkhard R\u00fc\u00dfmann, Andr\u00e9 R\u00fc\u00dfmann, Sebastian R\u00fc\u00dfmann Kontakt Telefon: +49 2935 9652 0Telefax: +49 2935 9652 501E-Mail: contact@artofcryo.com Umsatzsteuer-ID Umsatzsteuer-Identifikationsnummer gem\u00e4\u00df \u00a7 27 a Umsatzsteuergesetz:DE 229 666 155 Angaben zur Handwerksrolle Kreishandwerkerschaft HochsauerlandEnster Str. 1159872 [&hellip;]\" \/>\n<meta property=\"og:url\" content=\"https:\/\/artofcryo.com\/en\/imprint\/\" \/>\n<meta property=\"og:site_name\" content=\"Art of Cryo\" \/>\n<meta property=\"article:publisher\" content=\"https:\/\/www.facebook.com\/artofcryo\" \/>\n<meta property=\"article:modified_time\" content=\"2026-03-09T16:15:38+00:00\" \/>\n<meta name=\"twitter:card\" content=\"summary_large_image\" \/>\n<meta name=\"twitter:label1\" content=\"Estimated reading time\" \/>\n\t<meta name=\"twitter:data1\" content=\"1 minute\" \/>\n<script type=\"application\/ld+json\" class=\"yoast-schema-graph\">{\"@context\":\"https:\\\/\\\/schema.org\",\"@graph\":[{\"@type\":\"WebPage\",\"@id\":\"https:\\\/\\\/artofcryo.com\\\/impressum\\\/\",\"url\":\"https:\\\/\\\/artofcryo.com\\\/impressum\\\/\",\"name\":\"Impressum - Art of Cryo\",\"isPartOf\":{\"@id\":\"https:\\\/\\\/artofcryo.com\\\/#website\"},\"datePublished\":\"2025-11-26T11:55:38+00:00\",\"dateModified\":\"2026-03-09T16:15:38+00:00\",\"breadcrumb\":{\"@id\":\"https:\\\/\\\/artofcryo.com\\\/impressum\\\/#breadcrumb\"},\"inLanguage\":\"en-GB\",\"potentialAction\":[{\"@type\":\"ReadAction\",\"target\":[\"https:\\\/\\\/artofcryo.com\\\/impressum\\\/\"]}]},{\"@type\":\"BreadcrumbList\",\"@id\":\"https:\\\/\\\/artofcryo.com\\\/impressum\\\/#breadcrumb\",\"itemListElement\":[{\"@type\":\"ListItem\",\"position\":1,\"name\":\"Start\",\"item\":\"https:\\\/\\\/artofcryo.com\\\/\"},{\"@type\":\"ListItem\",\"position\":2,\"name\":\"Impressum\"}]},{\"@type\":\"WebSite\",\"@id\":\"https:\\\/\\\/artofcryo.com\\\/#website\",\"url\":\"https:\\\/\\\/artofcryo.com\\\/\",\"name\":\"Art of Cryo\",\"description\":\"\",\"publisher\":{\"@id\":\"https:\\\/\\\/artofcryo.com\\\/#organization\"},\"potentialAction\":[{\"@type\":\"SearchAction\",\"target\":{\"@type\":\"EntryPoint\",\"urlTemplate\":\"https:\\\/\\\/artofcryo.com\\\/?s={search_term_string}\"},\"query-input\":{\"@type\":\"PropertyValueSpecification\",\"valueRequired\":true,\"valueName\":\"search_term_string\"}}],\"inLanguage\":\"en-GB\"},{\"@type\":\"Organization\",\"@id\":\"https:\\\/\\\/artofcryo.com\\\/#organization\",\"name\":\"Art of Cryo eine Division von L & R K\u00e4ltetechnik GmbH & Co. KG\",\"alternateName\":\"Art of Cryo\",\"url\":\"https:\\\/\\\/artofcryo.com\\\/\",\"logo\":{\"@type\":\"ImageObject\",\"inLanguage\":\"en-GB\",\"@id\":\"https:\\\/\\\/artofcryo.com\\\/#\\\/schema\\\/logo\\\/image\\\/\",\"url\":\"https:\\\/\\\/artofcryo.com\\\/wp-content\\\/uploads\\\/2025\\\/11\\\/logo-aoc-01.svg\",\"contentUrl\":\"https:\\\/\\\/artofcryo.com\\\/wp-content\\\/uploads\\\/2025\\\/11\\\/logo-aoc-01.svg\",\"width\":1873,\"height\":458,\"caption\":\"Art of Cryo eine Division von L & R K\u00e4ltetechnik GmbH & Co. KG\"},\"image\":{\"@id\":\"https:\\\/\\\/artofcryo.com\\\/#\\\/schema\\\/logo\\\/image\\\/\"},\"sameAs\":[\"https:\\\/\\\/www.facebook.com\\\/artofcryo\",\"https:\\\/\\\/www.instagram.com\\\/artofcryo\\\/\",\"https:\\\/\\\/de.linkedin.com\\\/company\\\/artofcryo\"]}]}<\/script>\n<!-- \/ Yoast SEO plugin. -->","yoast_head_json":{"title":"Imprint - Art of Cryo","robots":{"index":"index","follow":"follow","max-snippet":"max-snippet:-1","max-image-preview":"max-image-preview:large","max-video-preview":"max-video-preview:-1"},"canonical":"https:\/\/artofcryo.com\/en\/imprint\/","og_locale":"en_GB","og_type":"article","og_title":"Impressum - Art of Cryo","og_description":"Art of Cryo Impressum Impressum Art of Cryo eine Division vonL &amp; R K\u00e4ltetechnik GmbH &amp; Co. KGHachener Str. 90a-c59846 Sundern Gesch\u00e4ftsf\u00fchrung:Burkhard R\u00fc\u00dfmann, Andr\u00e9 R\u00fc\u00dfmann, Sebastian R\u00fc\u00dfmann Kontakt Telefon: +49 2935 9652 0Telefax: +49 2935 9652 501E-Mail: contact@artofcryo.com Umsatzsteuer-ID Umsatzsteuer-Identifikationsnummer gem\u00e4\u00df \u00a7 27 a Umsatzsteuergesetz:DE 229 666 155 Angaben zur Handwerksrolle Kreishandwerkerschaft HochsauerlandEnster Str. 1159872 [&hellip;]","og_url":"https:\/\/artofcryo.com\/en\/imprint\/","og_site_name":"Art of Cryo","article_publisher":"https:\/\/www.facebook.com\/artofcryo","article_modified_time":"2026-03-09T16:15:38+00:00","twitter_card":"summary_large_image","twitter_misc":{"Estimated reading time":"1 minute"},"schema":{"@context":"https:\/\/schema.org","@graph":[{"@type":"WebPage","@id":"https:\/\/artofcryo.com\/impressum\/","url":"https:\/\/artofcryo.com\/impressum\/","name":"Imprint - Art of Cryo","isPartOf":{"@id":"https:\/\/artofcryo.com\/#website"},"datePublished":"2025-11-26T11:55:38+00:00","dateModified":"2026-03-09T16:15:38+00:00","breadcrumb":{"@id":"https:\/\/artofcryo.com\/impressum\/#breadcrumb"},"inLanguage":"en-GB","potentialAction":[{"@type":"ReadAction","target":["https:\/\/artofcryo.com\/impressum\/"]}]},{"@type":"BreadcrumbList","@id":"https:\/\/artofcryo.com\/impressum\/#breadcrumb","itemListElement":[{"@type":"ListItem","position":1,"name":"Start","item":"https:\/\/artofcryo.com\/"},{"@type":"ListItem","position":2,"name":"Impressum"}]},{"@type":"WebSite","@id":"https:\/\/artofcryo.com\/#website","url":"https:\/\/artofcryo.com\/","name":"Art of Cryo","description":"","publisher":{"@id":"https:\/\/artofcryo.com\/#organization"},"potentialAction":[{"@type":"SearchAction","target":{"@type":"EntryPoint","urlTemplate":"https:\/\/artofcryo.com\/?s={search_term_string}"},"query-input":{"@type":"PropertyValueSpecification","valueRequired":true,"valueName":"search_term_string"}}],"inLanguage":"en-GB"},{"@type":"Organization","@id":"https:\/\/artofcryo.com\/#organization","name":"Art of Cryo, a division of L &amp; R K\u00e4ltetechnik GmbH &amp; Co. KG","alternateName":"Art of Cryo","url":"https:\/\/artofcryo.com\/","logo":{"@type":"ImageObject","inLanguage":"en-GB","@id":"https:\/\/artofcryo.com\/#\/schema\/logo\/image\/","url":"https:\/\/artofcryo.com\/wp-content\/uploads\/2025\/11\/logo-aoc-01.svg","contentUrl":"https:\/\/artofcryo.com\/wp-content\/uploads\/2025\/11\/logo-aoc-01.svg","width":1873,"height":458,"caption":"Art of Cryo eine Division von L & R K\u00e4ltetechnik GmbH & Co. KG"},"image":{"@id":"https:\/\/artofcryo.com\/#\/schema\/logo\/image\/"},"sameAs":["https:\/\/www.facebook.com\/artofcryo","https:\/\/www.instagram.com\/artofcryo\/","https:\/\/de.linkedin.com\/company\/artofcryo"]}]}},"_links":{"self":[{"href":"https:\/\/artofcryo.com\/en\/wp-json\/wp\/v2\/pages\/1381","targetHints":{"allow":["GET"]}}],"collection":[{"href":"https:\/\/artofcryo.com\/en\/wp-json\/wp\/v2\/pages"}],"about":[{"href":"https:\/\/artofcryo.com\/en\/wp-json\/wp\/v2\/types\/page"}],"author":[{"embeddable":true,"href":"https:\/\/artofcryo.com\/en\/wp-json\/wp\/v2\/users\/1"}],"replies":[{"embeddable":true,"href":"https:\/\/artofcryo.com\/en\/wp-json\/wp\/v2\/comments?post=1381"}],"version-history":[{"count":0,"href":"https:\/\/artofcryo.com\/en\/wp-json\/wp\/v2\/pages\/1381\/revisions"}],"wp:attachment":[{"href":"https:\/\/artofcryo.com\/en\/wp-json\/wp\/v2\/media?parent=1381"}],"curies":[{"name":"wp","href":"https:\/\/api.w.org\/{rel}","templated":true}]}}