{"id":1564,"date":"2025-12-08T10:52:22","date_gmt":"2025-12-08T09:52:22","guid":{"rendered":"https:\/\/artofcryo.com\/?page_id=1564"},"modified":"2026-03-04T14:13:30","modified_gmt":"2026-03-04T13:13:30","slug":"products","status":"publish","type":"page","link":"https:\/\/artofcryo.com\/en\/produkte\/","title":{"rendered":"Products"},"content":{"rendered":"<div data-elementor-type=\"wp-page\" data-elementor-id=\"1564\" class=\"elementor elementor-1564\" data-elementor-post-type=\"page\">\n\t\t\t\t<div class=\"elementor-element elementor-element-eed1d0c e-flex e-con-boxed e-con e-parent\" data-id=\"eed1d0c\" data-element_type=\"container\" data-settings=\"{&quot;background_background&quot;:&quot;classic&quot;}\">\n\t\t\t\t\t<div class=\"e-con-inner\">\n\t\t<div class=\"elementor-element elementor-element-c995b18 e-con-full e-flex e-con e-child\" data-id=\"c995b18\" data-element_type=\"container\">\n\t\t\t\t<div class=\"elementor-element elementor-element-4be3b2d elementor-widget elementor-widget-heading\" data-id=\"4be3b2d\" data-element_type=\"widget\" data-widget_type=\"heading.default\">\n\t\t\t\t\t<p class=\"elementor-heading-title elementor-size-default\">Art of Cryo<\/p>\t\t\t\t<\/div>\n\t\t\t\t<div class=\"elementor-element elementor-element-9321602 elementor-widget elementor-widget-heading\" data-id=\"9321602\" data-element_type=\"widget\" data-widget_type=\"heading.default\">\n\t\t\t\t\t<h1 class=\"elementor-heading-title elementor-size-default\">Products<\/h1>\t\t\t\t<\/div>\n\t\t\t\t<div class=\"elementor-element elementor-element-66a39f7 elementor-widget elementor-widget-button\" data-id=\"66a39f7\" data-element_type=\"widget\" data-widget_type=\"button.default\">\n\t\t\t\t\t\t\t\t\t\t<a class=\"elementor-button elementor-button-link elementor-size-sm\" href=\"#top\">\n\t\t\t\t\t\t<span class=\"elementor-button-content-wrapper\">\n\t\t\t\t\t\t<span class=\"elementor-button-icon\">\n\t\t\t\t<svg xmlns=\"http:\/\/www.w3.org\/2000\/svg\" id=\"Ebene_2\" data-name=\"Ebene 2\" viewbox=\"0 0 16 16\"><defs><style>      .cls-1 {        stroke-width: 0px;      }    <\/style><\/defs><g id=\"Ebene_1-2\" data-name=\"Ebene 1\"><path class=\"cls-1\" d=\"M12.18,9H0v-2h12.18L6.58,1.4l1.43-1.4,8,8-8,8-1.43-1.4,5.6-5.6Z\"><\/path><\/g><\/svg>\t\t\t<\/span>\n\t\t\t\t\t\t\t\t\t<span class=\"elementor-button-text\">Learn more<\/span>\n\t\t\t\t\t<\/span>\n\t\t\t\t\t<\/a>\n\t\t\t\t\t\t\t\t<\/div>\n\t\t\t\t<\/div>\n\t\t\t\t\t<\/div>\n\t\t\t\t<\/div>\n\t\t<div class=\"elementor-element elementor-element-a2013a3 e-flex e-con-boxed e-con e-parent\" data-id=\"a2013a3\" data-element_type=\"container\" id=\"top\">\n\t\t\t\t\t<div class=\"e-con-inner\">\n\t\t\t\t<div class=\"elementor-element elementor-element-a3d75db elementor-widget__width-initial elementor-widget-mobile__width-inherit elementor-widget elementor-widget-heading\" data-id=\"a3d75db\" data-element_type=\"widget\" data-widget_type=\"heading.default\">\n\t\t\t\t\t<h2 class=\"elementor-heading-title elementor-size-default\">High-performance systems from Art of Cryo - engineering made in Germany! <\/h2>\t\t\t\t<\/div>\n\t\t\t\t<div class=\"elementor-element elementor-element-1dffbe3 elementor-widget__width-initial elementor-widget-tablet__width-inherit elementor-widget elementor-widget-text-editor\" data-id=\"1dffbe3\" data-element_type=\"widget\" data-widget_type=\"text-editor.default\">\n\t\t\t\t\t\t\t\t\t<p>Art of Cryo develops high-performance systems for cooling, heating and flow applications at the highest technical level. Each system is precisely designed for professional operators and combines technological innovation with maximum performance, proven safety and a high-quality user experience - including attractive sales and marketing strategies for maximum success. Discover our systems and find the solution that best suits your concept, because Art of Cryo systems are designed to be economically, reliably and sustainably integrated into professional concepts such as studio, health or performance.<\/p>\t\t\t\t\t\t\t\t<\/div>\n\t\t<div class=\"elementor-element elementor-element-ce5f3ae e-con-full e-grid e-con e-child\" data-id=\"ce5f3ae\" data-element_type=\"container\">\n\t\t<div class=\"elementor-element elementor-element-093f9bb e-con-full e-flex e-con e-child\" data-id=\"093f9bb\" data-element_type=\"container\" data-settings=\"{&quot;background_background&quot;:&quot;classic&quot;}\">\n\t\t\t\t<div class=\"elementor-element elementor-element-8d2f389 elementor-widget elementor-widget-heading\" data-id=\"8d2f389\" data-element_type=\"widget\" data-widget_type=\"heading.default\">\n\t\t\t\t\t<h2 class=\"elementor-heading-title elementor-size-default\">Cold chambers<\/h2>\t\t\t\t<\/div>\n\t\t\t\t<div class=\"elementor-element elementor-element-a5df884 elementor-align-justify elementor-widget elementor-widget-button\" data-id=\"a5df884\" data-element_type=\"widget\" data-widget_type=\"button.default\">\n\t\t\t\t\t\t\t\t\t\t<a class=\"elementor-button elementor-button-link elementor-size-sm\" href=\"https:\/\/artofcryo.com\/en\/products\/cold-chambers\/\">\n\t\t\t\t\t\t<span class=\"elementor-button-content-wrapper\">\n\t\t\t\t\t\t<span class=\"elementor-button-icon\">\n\t\t\t\t<svg xmlns=\"http:\/\/www.w3.org\/2000\/svg\" id=\"Ebene_2\" data-name=\"Ebene 2\" viewbox=\"0 0 16 16\"><defs><style>      .cls-1 {        stroke-width: 0px;      }    <\/style><\/defs><g id=\"Ebene_1-2\" data-name=\"Ebene 1\"><path class=\"cls-1\" d=\"M12.18,9H0v-2h12.18L6.58,1.4l1.43-1.4,8,8-8,8-1.43-1.4,5.6-5.6Z\"><\/path><\/g><\/svg>\t\t\t<\/span>\n\t\t\t\t\t\t\t\t\t<span class=\"elementor-button-text\">Learn more<\/span>\n\t\t\t\t\t<\/span>\n\t\t\t\t\t<\/a>\n\t\t\t\t\t\t\t\t<\/div>\n\t\t\t\t<\/div>\n\t\t<div class=\"elementor-element elementor-element-b679e73 e-con-full e-flex e-con e-child\" data-id=\"b679e73\" data-element_type=\"container\" data-settings=\"{&quot;background_background&quot;:&quot;classic&quot;}\">\n\t\t\t\t<div class=\"elementor-element elementor-element-5d53109 elementor-widget elementor-widget-heading\" data-id=\"5d53109\" data-element_type=\"widget\" data-widget_type=\"heading.default\">\n\t\t\t\t\t<h2 class=\"elementor-heading-title elementor-size-default\">Heat applications<\/h2>\t\t\t\t<\/div>\n\t\t\t\t<div class=\"elementor-element elementor-element-7d4bdd2 elementor-align-justify elementor-widget elementor-widget-button\" data-id=\"7d4bdd2\" data-element_type=\"widget\" data-widget_type=\"button.default\">\n\t\t\t\t\t\t\t\t\t\t<a class=\"elementor-button elementor-button-link elementor-size-sm\" href=\"https:\/\/artofcryo.com\/en\/products\/heat-applications\/\">\n\t\t\t\t\t\t<span class=\"elementor-button-content-wrapper\">\n\t\t\t\t\t\t<span class=\"elementor-button-icon\">\n\t\t\t\t<svg xmlns=\"http:\/\/www.w3.org\/2000\/svg\" id=\"Ebene_2\" data-name=\"Ebene 2\" viewbox=\"0 0 16 16\"><defs><style>      .cls-1 {        stroke-width: 0px;      }    <\/style><\/defs><g id=\"Ebene_1-2\" data-name=\"Ebene 1\"><path class=\"cls-1\" d=\"M12.18,9H0v-2h12.18L6.58,1.4l1.43-1.4,8,8-8,8-1.43-1.4,5.6-5.6Z\"><\/path><\/g><\/svg>\t\t\t<\/span>\n\t\t\t\t\t\t\t\t\t<span class=\"elementor-button-text\">Learn more<\/span>\n\t\t\t\t\t<\/span>\n\t\t\t\t\t<\/a>\n\t\t\t\t\t\t\t\t<\/div>\n\t\t\t\t<\/div>\n\t\t<div class=\"elementor-element elementor-element-e8a2279 e-con-full e-flex e-con e-child\" data-id=\"e8a2279\" data-element_type=\"container\" data-settings=\"{&quot;background_background&quot;:&quot;classic&quot;}\">\n\t\t\t\t<div class=\"elementor-element elementor-element-23050d6 elementor-widget elementor-widget-heading\" data-id=\"23050d6\" data-element_type=\"widget\" data-widget_type=\"heading.default\">\n\t\t\t\t\t<h2 class=\"elementor-heading-title elementor-size-default\">FLOW systems<\/h2>\t\t\t\t<\/div>\n\t\t\t\t<div class=\"elementor-element elementor-element-e12ba05 elementor-align-justify elementor-widget elementor-widget-button\" data-id=\"e12ba05\" data-element_type=\"widget\" data-widget_type=\"button.default\">\n\t\t\t\t\t\t\t\t\t\t<a class=\"elementor-button elementor-button-link elementor-size-sm\" href=\"https:\/\/artofcryo.com\/en\/flow-systems\/\">\n\t\t\t\t\t\t<span class=\"elementor-button-content-wrapper\">\n\t\t\t\t\t\t<span class=\"elementor-button-icon\">\n\t\t\t\t<svg xmlns=\"http:\/\/www.w3.org\/2000\/svg\" id=\"Ebene_2\" data-name=\"Ebene 2\" viewbox=\"0 0 16 16\"><defs><style>      .cls-1 {        stroke-width: 0px;      }    <\/style><\/defs><g id=\"Ebene_1-2\" data-name=\"Ebene 1\"><path class=\"cls-1\" d=\"M12.18,9H0v-2h12.18L6.58,1.4l1.43-1.4,8,8-8,8-1.43-1.4,5.6-5.6Z\"><\/path><\/g><\/svg>\t\t\t<\/span>\n\t\t\t\t\t\t\t\t\t<span class=\"elementor-button-text\">Learn more<\/span>\n\t\t\t\t\t<\/span>\n\t\t\t\t\t<\/a>\n\t\t\t\t\t\t\t\t<\/div>\n\t\t\t\t<\/div>\n\t\t<div class=\"elementor-element elementor-element-9f3be2f e-con-full e-flex e-con e-child\" data-id=\"9f3be2f\" data-element_type=\"container\" data-settings=\"{&quot;background_background&quot;:&quot;classic&quot;}\">\n\t\t\t\t<div class=\"elementor-element elementor-element-2f313c6 elementor-widget elementor-widget-heading\" data-id=\"2f313c6\" data-element_type=\"widget\" data-widget_type=\"heading.default\">\n\t\t\t\t\t<h2 class=\"elementor-heading-title elementor-size-default\">Complete solutions<\/h2>\t\t\t\t<\/div>\n\t\t\t\t<div class=\"elementor-element elementor-element-065f776 elementor-align-justify elementor-widget elementor-widget-button\" data-id=\"065f776\" data-element_type=\"widget\" data-widget_type=\"button.default\">\n\t\t\t\t\t\t\t\t\t\t<a class=\"elementor-button elementor-button-link elementor-size-sm\" href=\"https:\/\/artofcryo.com\/en\/products\/complete-solutions\/\">\n\t\t\t\t\t\t<span class=\"elementor-button-content-wrapper\">\n\t\t\t\t\t\t<span class=\"elementor-button-icon\">\n\t\t\t\t<svg xmlns=\"http:\/\/www.w3.org\/2000\/svg\" id=\"Ebene_2\" data-name=\"Ebene 2\" viewbox=\"0 0 16 16\"><defs><style>      .cls-1 {        stroke-width: 0px;      }    <\/style><\/defs><g id=\"Ebene_1-2\" data-name=\"Ebene 1\"><path class=\"cls-1\" d=\"M12.18,9H0v-2h12.18L6.58,1.4l1.43-1.4,8,8-8,8-1.43-1.4,5.6-5.6Z\"><\/path><\/g><\/svg>\t\t\t<\/span>\n\t\t\t\t\t\t\t\t\t<span class=\"elementor-button-text\">Learn more<\/span>\n\t\t\t\t\t<\/span>\n\t\t\t\t\t<\/a>\n\t\t\t\t\t\t\t\t<\/div>\n\t\t\t\t<\/div>\n\t\t\t\t<\/div>\n\t\t\t\t\t<\/div>\n\t\t\t\t<\/div>\n\t\t\t\t<\/div>","protected":false},"excerpt":{"rendered":"<p>Art of Cryo Produkte Mehr erfahren Hochleistungssysteme von Art of Cryo \u2013 Ingenieurskunst made in Germany! Art of Cryo entwickelt Hochleistungssysteme f\u00fcr K\u00e4lte-, W\u00e4rme- und Flow-Anwendungen auf h\u00f6chstem technischen Niveau. Jedes System wird pr\u00e4zise f\u00fcr professionelle Betreiber konzipiert und verbindet technologische Innovation mit maximaler Performance, gepr\u00fcfter Sicherheit und einem hochwertigen Nutzererlebnis \u2013 inklusive attraktiver Vertriebs- [&hellip;]<\/p>\n","protected":false},"author":1,"featured_media":0,"parent":0,"menu_order":2,"comment_status":"closed","ping_status":"closed","template":"elementor_header_footer","meta":{"footnotes":""},"class_list":["post-1564","page","type-page","status-publish","hentry"],"yoast_head":"<!-- This site is optimized with the Yoast SEO plugin v27.1.1 - https:\/\/yoast.com\/product\/yoast-seo-wordpress\/ -->\n<title>Hochleistungs\u00adsysteme f\u00fcr K\u00e4lte-, W\u00e4rme- und Flow-Anwendungen<\/title>\n<meta name=\"description\" content=\"Art of Cryo entwickelt Hochleistungs\u00adsysteme f\u00fcr K\u00e4lte-, W\u00e4rme- und Flow-Anwendungen auf h\u00f6chstem technischen Niveau.\" \/>\n<meta name=\"robots\" content=\"index, follow, max-snippet:-1, max-image-preview:large, max-video-preview:-1\" \/>\n<link rel=\"canonical\" href=\"https:\/\/artofcryo.com\/en\/products\/\" \/>\n<meta property=\"og:locale\" content=\"en_GB\" \/>\n<meta property=\"og:type\" content=\"article\" \/>\n<meta property=\"og:title\" content=\"Hochleistungs\u00adsysteme f\u00fcr K\u00e4lte-, W\u00e4rme- und Flow-Anwendungen\" \/>\n<meta property=\"og:description\" content=\"Art of Cryo entwickelt Hochleistungs\u00adsysteme f\u00fcr K\u00e4lte-, W\u00e4rme- und Flow-Anwendungen auf h\u00f6chstem technischen Niveau.\" \/>\n<meta property=\"og:url\" content=\"https:\/\/artofcryo.com\/en\/products\/\" \/>\n<meta property=\"og:site_name\" content=\"Art of Cryo\" \/>\n<meta property=\"article:modified_time\" content=\"2026-03-04T13:13:30+00:00\" \/>\n<meta name=\"twitter:card\" content=\"summary_large_image\" \/>\n<meta name=\"twitter:label1\" content=\"Estimated reading time\" \/>\n\t<meta name=\"twitter:data1\" content=\"1 minute\" \/>\n<script type=\"application\/ld+json\" class=\"yoast-schema-graph\">{\"@context\":\"https:\/\/schema.org\",\"@graph\":[{\"@type\":\"WebPage\",\"@id\":\"https:\/\/artofcryo.com\/produkte\/\",\"url\":\"https:\/\/artofcryo.com\/produkte\/\",\"name\":\"Hochleistungs\u00adsysteme f\u00fcr K\u00e4lte-, W\u00e4rme- und Flow-Anwendungen\",\"isPartOf\":{\"@id\":\"https:\/\/artofcryo.com\/#website\"},\"datePublished\":\"2025-12-08T09:52:22+00:00\",\"dateModified\":\"2026-03-04T13:13:30+00:00\",\"description\":\"Art of Cryo entwickelt Hochleistungs\u00adsysteme f\u00fcr K\u00e4lte-, W\u00e4rme- und Flow-Anwendungen auf h\u00f6chstem technischen Niveau.\",\"breadcrumb\":{\"@id\":\"https:\/\/artofcryo.com\/produkte\/#breadcrumb\"},\"inLanguage\":\"en-GB\",\"potentialAction\":[{\"@type\":\"ReadAction\",\"target\":[\"https:\/\/artofcryo.com\/produkte\/\"]}]},{\"@type\":\"BreadcrumbList\",\"@id\":\"https:\/\/artofcryo.com\/produkte\/#breadcrumb\",\"itemListElement\":[{\"@type\":\"ListItem\",\"position\":1,\"name\":\"Start\",\"item\":\"https:\/\/artofcryo.com\/\"},{\"@type\":\"ListItem\",\"position\":2,\"name\":\"Produkte\"}]},{\"@type\":\"WebSite\",\"@id\":\"https:\/\/artofcryo.com\/#website\",\"url\":\"https:\/\/artofcryo.com\/\",\"name\":\"Art of Cryo\",\"description\":\"\",\"publisher\":{\"@id\":\"https:\/\/artofcryo.com\/#organization\"},\"potentialAction\":[{\"@type\":\"SearchAction\",\"target\":{\"@type\":\"EntryPoint\",\"urlTemplate\":\"https:\/\/artofcryo.com\/?s={search_term_string}\"},\"query-input\":{\"@type\":\"PropertyValueSpecification\",\"valueRequired\":true,\"valueName\":\"search_term_string\"}}],\"inLanguage\":\"en-GB\"},{\"@type\":\"Organization\",\"@id\":\"https:\/\/artofcryo.com\/#organization\",\"name\":\"Art of Cryo\",\"url\":\"https:\/\/artofcryo.com\/\",\"logo\":{\"@type\":\"ImageObject\",\"inLanguage\":\"en-GB\",\"@id\":\"https:\/\/artofcryo.com\/#\/schema\/logo\/image\/\",\"url\":\"https:\/\/artofcryo.com\/wp-content\/uploads\/2025\/11\/logo-aoc-01.svg\",\"contentUrl\":\"https:\/\/artofcryo.com\/wp-content\/uploads\/2025\/11\/logo-aoc-01.svg\",\"width\":1873,\"height\":458,\"caption\":\"Art of Cryo\"},\"image\":{\"@id\":\"https:\/\/artofcryo.com\/#\/schema\/logo\/image\/\"},\"sameAs\":[\"https:\/\/www.instagram.com\/artofcryo\/\",\"https:\/\/de.linkedin.com\/company\/artofcryo\"]}]}<\/script>\n<!-- \/ Yoast SEO plugin. -->","yoast_head_json":{"title":"High-performance systems for cooling, heating and flow applications","description":"Art of Cryo develops high-performance systems for cooling, heating and flow applications at the highest technical level.","robots":{"index":"index","follow":"follow","max-snippet":"max-snippet:-1","max-image-preview":"max-image-preview:large","max-video-preview":"max-video-preview:-1"},"canonical":"https:\/\/artofcryo.com\/en\/products\/","og_locale":"en_GB","og_type":"article","og_title":"Hochleistungs\u00adsysteme f\u00fcr K\u00e4lte-, W\u00e4rme- und Flow-Anwendungen","og_description":"Art of Cryo entwickelt Hochleistungs\u00adsysteme f\u00fcr K\u00e4lte-, W\u00e4rme- und Flow-Anwendungen auf h\u00f6chstem technischen Niveau.","og_url":"https:\/\/artofcryo.com\/en\/products\/","og_site_name":"Art of Cryo","article_modified_time":"2026-03-04T13:13:30+00:00","twitter_card":"summary_large_image","twitter_misc":{"Estimated reading time":"1 minute"},"schema":{"@context":"https:\/\/schema.org","@graph":[{"@type":"WebPage","@id":"https:\/\/artofcryo.com\/produkte\/","url":"https:\/\/artofcryo.com\/produkte\/","name":"High-performance systems for cooling, heating and flow applications","isPartOf":{"@id":"https:\/\/artofcryo.com\/#website"},"datePublished":"2025-12-08T09:52:22+00:00","dateModified":"2026-03-04T13:13:30+00:00","description":"Art of Cryo develops high-performance systems for cooling, heating and flow applications at the highest technical level.","breadcrumb":{"@id":"https:\/\/artofcryo.com\/produkte\/#breadcrumb"},"inLanguage":"en-GB","potentialAction":[{"@type":"ReadAction","target":["https:\/\/artofcryo.com\/produkte\/"]}]},{"@type":"BreadcrumbList","@id":"https:\/\/artofcryo.com\/produkte\/#breadcrumb","itemListElement":[{"@type":"ListItem","position":1,"name":"Start","item":"https:\/\/artofcryo.com\/"},{"@type":"ListItem","position":2,"name":"Produkte"}]},{"@type":"WebSite","@id":"https:\/\/artofcryo.com\/#website","url":"https:\/\/artofcryo.com\/","name":"Art of Cryo","description":"","publisher":{"@id":"https:\/\/artofcryo.com\/#organization"},"potentialAction":[{"@type":"SearchAction","target":{"@type":"EntryPoint","urlTemplate":"https:\/\/artofcryo.com\/?s={search_term_string}"},"query-input":{"@type":"PropertyValueSpecification","valueRequired":true,"valueName":"search_term_string"}}],"inLanguage":"en-GB"},{"@type":"Organization","@id":"https:\/\/artofcryo.com\/#organization","name":"Art of Cryo","url":"https:\/\/artofcryo.com\/","logo":{"@type":"ImageObject","inLanguage":"en-GB","@id":"https:\/\/artofcryo.com\/#\/schema\/logo\/image\/","url":"https:\/\/artofcryo.com\/wp-content\/uploads\/2025\/11\/logo-aoc-01.svg","contentUrl":"https:\/\/artofcryo.com\/wp-content\/uploads\/2025\/11\/logo-aoc-01.svg","width":1873,"height":458,"caption":"Art of Cryo"},"image":{"@id":"https:\/\/artofcryo.com\/#\/schema\/logo\/image\/"},"sameAs":["https:\/\/www.instagram.com\/artofcryo\/","https:\/\/de.linkedin.com\/company\/artofcryo"]}]}},"_links":{"self":[{"href":"https:\/\/artofcryo.com\/en\/wp-json\/wp\/v2\/pages\/1564","targetHints":{"allow":["GET"]}}],"collection":[{"href":"https:\/\/artofcryo.com\/en\/wp-json\/wp\/v2\/pages"}],"about":[{"href":"https:\/\/artofcryo.com\/en\/wp-json\/wp\/v2\/types\/page"}],"author":[{"embeddable":true,"href":"https:\/\/artofcryo.com\/en\/wp-json\/wp\/v2\/users\/1"}],"replies":[{"embeddable":true,"href":"https:\/\/artofcryo.com\/en\/wp-json\/wp\/v2\/comments?post=1564"}],"version-history":[{"count":31,"href":"https:\/\/artofcryo.com\/en\/wp-json\/wp\/v2\/pages\/1564\/revisions"}],"predecessor-version":[{"id":3975,"href":"https:\/\/artofcryo.com\/en\/wp-json\/wp\/v2\/pages\/1564\/revisions\/3975"}],"wp:attachment":[{"href":"https:\/\/artofcryo.com\/en\/wp-json\/wp\/v2\/media?parent=1564"}],"curies":[{"name":"wp","href":"https:\/\/api.w.org\/{rel}","templated":true}]}}