{"id":1744,"date":"2025-12-09T14:24:26","date_gmt":"2025-12-09T13:24:26","guid":{"rendered":"https:\/\/artofcryo.com\/?page_id=1744"},"modified":"2026-03-16T22:59:51","modified_gmt":"2026-03-16T21:59:51","slug":"contact","status":"publish","type":"page","link":"https:\/\/artofcryo.com\/en\/ueber-uns\/kontakt\/","title":{"rendered":"Contact us"},"content":{"rendered":"\t\t<div data-elementor-type=\"wp-page\" data-elementor-id=\"1744\" class=\"elementor elementor-1744\" data-elementor-post-type=\"page\">\n\t\t\t\t<div class=\"elementor-element elementor-element-3fc4edd e-flex e-con-boxed e-con e-parent\" data-id=\"3fc4edd\" data-element_type=\"container\" data-settings=\"{&quot;background_background&quot;:&quot;classic&quot;}\">\n\t\t\t\t\t<div class=\"e-con-inner\">\n\t\t<div class=\"elementor-element elementor-element-28a2541 e-con-full e-flex e-con e-child\" data-id=\"28a2541\" data-element_type=\"container\">\n\t\t\t\t<div class=\"elementor-element elementor-element-0a952a3 elementor-widget elementor-widget-heading\" data-id=\"0a952a3\" data-element_type=\"widget\" data-widget_type=\"heading.default\">\n\t\t\t\t\t<p class=\"elementor-heading-title elementor-size-default\">Art of Cryo<\/p>\t\t\t\t<\/div>\n\t\t\t\t<div class=\"elementor-element elementor-element-51252ce elementor-widget elementor-widget-heading\" data-id=\"51252ce\" data-element_type=\"widget\" data-widget_type=\"heading.default\">\n\t\t\t\t\t<h1 class=\"elementor-heading-title elementor-size-default\">Kontakt<\/h1>\t\t\t\t<\/div>\n\t\t\t\t<div class=\"elementor-element elementor-element-e359d17 elementor-widget elementor-widget-button\" data-id=\"e359d17\" data-element_type=\"widget\" data-widget_type=\"button.default\">\n\t\t\t\t\t\t\t\t\t\t<a class=\"elementor-button elementor-button-link elementor-size-sm\" href=\"#top\">\n\t\t\t\t\t\t<span class=\"elementor-button-content-wrapper\">\n\t\t\t\t\t\t<span class=\"elementor-button-icon\">\n\t\t\t\t<svg xmlns=\"http:\/\/www.w3.org\/2000\/svg\" id=\"Ebene_2\" data-name=\"Ebene 2\" viewBox=\"0 0 16 16\"><defs><style>      .cls-1 {        stroke-width: 0px;      }    <\/style><\/defs><g id=\"Ebene_1-2\" data-name=\"Ebene 1\"><path class=\"cls-1\" d=\"M12.18,9H0v-2h12.18L6.58,1.4l1.43-1.4,8,8-8,8-1.43-1.4,5.6-5.6Z\"><\/path><\/g><\/svg>\t\t\t<\/span>\n\t\t\t\t\t\t\t\t\t<span class=\"elementor-button-text\">Mehr erfahren<\/span>\n\t\t\t\t\t<\/span>\n\t\t\t\t\t<\/a>\n\t\t\t\t\t\t\t\t<\/div>\n\t\t\t\t<\/div>\n\t\t\t\t\t<\/div>\n\t\t\t\t<\/div>\n\t\t<div class=\"elementor-element elementor-element-18220dc e-flex e-con-boxed e-con e-parent\" data-id=\"18220dc\" data-element_type=\"container\" id=\"top\">\n\t\t\t\t\t<div class=\"e-con-inner\">\n\t\t<div class=\"elementor-element elementor-element-ec995fd e-con-full e-flex e-con e-child\" data-id=\"ec995fd\" data-element_type=\"container\">\n\t\t\t\t<div class=\"elementor-element elementor-element-9cdbeed elementor-widget__width-initial elementor-widget-tablet__width-inherit elementor-widget elementor-widget-heading\" data-id=\"9cdbeed\" data-element_type=\"widget\" data-widget_type=\"heading.default\">\n\t\t\t\t\t<h2 class=\"elementor-heading-title elementor-size-default\">Wir freuen uns auf Ihre Nachricht<\/h2>\t\t\t\t<\/div>\n\t\t\t\t<div class=\"elementor-element elementor-element-18c460d elementor-widget__width-initial elementor-widget elementor-widget-text-editor\" data-id=\"18c460d\" data-element_type=\"widget\" data-widget_type=\"text-editor.default\">\n\t\t\t\t\t\t\t\t\t<p>Ob Frage, Beratung oder Projektanfrage \u2013 wir unterst\u00fctzen Sie gerne pers\u00f6nlich.<\/p>\t\t\t\t\t\t\t\t<\/div>\n\t\t\t\t<div class=\"elementor-element elementor-element-0161fcb elementor-align-left elementor-widget elementor-widget-button\" data-id=\"0161fcb\" data-element_type=\"widget\" data-widget_type=\"button.default\">\n\t\t\t\t\t\t\t\t\t\t<a class=\"elementor-button elementor-button-link elementor-size-sm\" href=\"#kontakt\">\n\t\t\t\t\t\t<span class=\"elementor-button-content-wrapper\">\n\t\t\t\t\t\t<span class=\"elementor-button-icon\">\n\t\t\t\t<svg xmlns=\"http:\/\/www.w3.org\/2000\/svg\" id=\"Ebene_2\" data-name=\"Ebene 2\" viewBox=\"0 0 16 16\"><defs><style>      .cls-1 {        stroke-width: 0px;      }    <\/style><\/defs><g id=\"Ebene_1-2\" data-name=\"Ebene 1\"><path class=\"cls-1\" d=\"M12.18,9H0v-2h12.18L6.58,1.4l1.43-1.4,8,8-8,8-1.43-1.4,5.6-5.6Z\"><\/path><\/g><\/svg>\t\t\t<\/span>\n\t\t\t\t\t\t\t\t\t<span class=\"elementor-button-text\">Beratung vereinbaren<\/span>\n\t\t\t\t\t<\/span>\n\t\t\t\t\t<\/a>\n\t\t\t\t\t\t\t\t<\/div>\n\t\t\t\t<\/div>\n\t\t<div class=\"elementor-element elementor-element-3056ed6 e-con-full cold-smoke e-flex elementor-invisible e-con e-child\" data-id=\"3056ed6\" data-element_type=\"container\" data-settings=\"{&quot;animation&quot;:&quot;fadeInUp&quot;}\">\n\t\t\t\t<div class=\"elementor-element elementor-element-c223f3d elementor-widget__width-initial elementor-widget elementor-widget-heading\" data-id=\"c223f3d\" data-element_type=\"widget\" data-widget_type=\"heading.default\">\n\t\t\t\t\t<h3 class=\"elementor-heading-title elementor-size-default\">Kontaktinformationen<\/h3>\t\t\t\t<\/div>\n\t\t\t\t<div class=\"elementor-element elementor-element-49263f7 elementor-widget elementor-widget-text-editor\" data-id=\"49263f7\" data-element_type=\"widget\" data-widget_type=\"text-editor.default\">\n\t\t\t\t\t\t\t\t\t<p><strong>Art of Cryo by L&amp;R K\u00e4ltetechnik GmbH &amp; Co. KG<\/strong><br \/>Hachener Str. 90a-c<br \/>59846 Sundern \/ Deutschland<\/p><p><strong>Tel.: +49 2935 9652 0<br \/>Fax: +49 2935 9652 501<\/strong><br \/><strong>E-Mail:<\/strong> contact@artofcryo.com<\/p>\t\t\t\t\t\t\t\t<\/div>\n\t\t\t\t<\/div>\n\t\t\t\t\t<\/div>\n\t\t\t\t<\/div>\n\t\t<div class=\"elementor-element elementor-element-281f73a e-con-full e-flex e-con e-parent\" data-id=\"281f73a\" data-element_type=\"container\" id=\"two-col-equal\">\n\t\t<div class=\"elementor-element elementor-element-435ebf1 e-con-full e-flex e-con e-child\" data-id=\"435ebf1\" data-element_type=\"container\" id=\"map-col\" data-settings=\"{&quot;background_background&quot;:&quot;classic&quot;}\">\n\t\t\t\t<div class=\"elementor-element elementor-element-2b9e89a elementor-widget elementor-widget-google_maps\" data-id=\"2b9e89a\" data-element_type=\"widget\" id=\"map-widget\" data-widget_type=\"google_maps.default\">\n\t\t\t\t\t\t\t<div class=\"elementor-custom-embed\">\n\t\t\t<iframe loading=\"lazy\"\n\t\t\t\t\tsrc=\"https:\/\/maps.google.com\/maps?q=Art%20of%20Cryo&#038;t=m&#038;z=10&#038;output=embed&#038;iwloc=near\"\n\t\t\t\t\ttitle=\"Art of Cryo\"\n\t\t\t\t\taria-label=\"Art of Cryo\"\n\t\t\t><\/iframe>\n\t\t<\/div>\n\t\t\t\t\t\t<\/div>\n\t\t\t\t<\/div>\n\t\t<div class=\"elementor-element elementor-element-bd9cbfa e-con-full e-flex e-con e-child\" data-id=\"bd9cbfa\" data-element_type=\"container\" id=\"kontakt\">\n\t\t\t\t<div class=\"elementor-element elementor-element-1ef3ccb elementor-widget__width-inherit elementor-widget-tablet__width-inherit elementor-widget elementor-widget-heading\" data-id=\"1ef3ccb\" data-element_type=\"widget\" data-widget_type=\"heading.default\">\n\t\t\t\t\t<h2 class=\"elementor-heading-title elementor-size-default\">Gerne beraten wir Sie pers\u00f6nlich<\/h2>\t\t\t\t<\/div>\n\t\t\t\t<div class=\"elementor-element elementor-element-2f7abea elementor-button-align-start elementor-widget__width-inherit elementor-widget elementor-widget-form\" data-id=\"2f7abea\" data-element_type=\"widget\" data-settings=\"{&quot;step_next_label&quot;:&quot;N\\u00e4chster&quot;,&quot;step_previous_label&quot;:&quot;Voriger&quot;,&quot;button_width&quot;:&quot;100&quot;,&quot;step_type&quot;:&quot;number_text&quot;,&quot;step_icon_shape&quot;:&quot;circle&quot;}\" data-widget_type=\"form.default\">\n\t\t\t\t\t\t\t<form class=\"elementor-form\" method=\"post\" name=\"Kontaktformular\" aria-label=\"Kontaktformular\">\n\t\t\t<input type=\"hidden\" name=\"post_id\" value=\"1744\"\/>\n\t\t\t<input type=\"hidden\" name=\"form_id\" value=\"2f7abea\"\/>\n\t\t\t<input type=\"hidden\" name=\"referer_title\" value=\"Kontakt | Art of Cryo\" \/>\n\n\t\t\t\t\t\t\t<input type=\"hidden\" name=\"queried_id\" value=\"1744\"\/>\n\t\t\t\n\t\t\t<div class=\"elementor-form-fields-wrapper elementor-labels-above\">\n\t\t\t\t\t\t\t\t<div class=\"elementor-field-type-text elementor-field-group elementor-column elementor-field-group-vorname elementor-col-50 elementor-field-required elementor-mark-required\">\n\t\t\t\t\t\t\t\t\t\t\t\t<label for=\"form-field-vorname\" class=\"elementor-field-label\">\n\t\t\t\t\t\t\t\tVorname\t\t\t\t\t\t\t<\/label>\n\t\t\t\t\t\t\t\t\t\t\t\t\t\t<input size=\"1\" type=\"text\" name=\"form_fields[vorname]\" id=\"form-field-vorname\" class=\"elementor-field elementor-size-sm  elementor-field-textual\" required=\"required\">\n\t\t\t\t\t\t\t\t\t\t\t<\/div>\n\t\t\t\t\t\t\t\t<div class=\"elementor-field-type-text elementor-field-group elementor-column elementor-field-group-nachname elementor-col-50 elementor-field-required elementor-mark-required\">\n\t\t\t\t\t\t\t\t\t\t\t\t<label for=\"form-field-nachname\" class=\"elementor-field-label\">\n\t\t\t\t\t\t\t\tNachname\t\t\t\t\t\t\t<\/label>\n\t\t\t\t\t\t\t\t\t\t\t\t\t\t<input size=\"1\" type=\"text\" name=\"form_fields[nachname]\" id=\"form-field-nachname\" class=\"elementor-field elementor-size-sm  elementor-field-textual\" required=\"required\">\n\t\t\t\t\t\t\t\t\t\t\t<\/div>\n\t\t\t\t\t\t\t\t<div class=\"elementor-field-type-email elementor-field-group elementor-column elementor-field-group-email elementor-col-50 elementor-field-required elementor-mark-required\">\n\t\t\t\t\t\t\t\t\t\t\t\t<label for=\"form-field-email\" class=\"elementor-field-label\">\n\t\t\t\t\t\t\t\tE-Mail\t\t\t\t\t\t\t<\/label>\n\t\t\t\t\t\t\t\t\t\t\t\t\t\t<input size=\"1\" type=\"email\" name=\"form_fields[email]\" id=\"form-field-email\" class=\"elementor-field elementor-size-sm  elementor-field-textual\" required=\"required\">\n\t\t\t\t\t\t\t\t\t\t\t<\/div>\n\t\t\t\t\t\t\t\t<div class=\"elementor-field-type-tel elementor-field-group elementor-column elementor-field-group-telefon elementor-col-50 elementor-field-required elementor-mark-required\">\n\t\t\t\t\t\t\t\t\t\t\t\t<label for=\"form-field-telefon\" class=\"elementor-field-label\">\n\t\t\t\t\t\t\t\tTelefon\t\t\t\t\t\t\t<\/label>\n\t\t\t\t\t\t\t\t<input size=\"1\" type=\"tel\" name=\"form_fields[telefon]\" id=\"form-field-telefon\" class=\"elementor-field elementor-size-sm  elementor-field-textual\" required=\"required\" pattern=\"[0-9()#&amp;+*-=.]+\" title=\"Seuls les caract\u00e8res de num\u00e9ros de t\u00e9l\u00e9phone (#, -, *, etc.) sont accept\u00e9s.\">\n\n\t\t\t\t\t\t<\/div>\n\t\t\t\t\t\t\t\t<div class=\"elementor-field-type-text elementor-field-group elementor-column elementor-field-group-stadt elementor-col-66 elementor-field-required elementor-mark-required\">\n\t\t\t\t\t\t\t\t\t\t\t\t<label for=\"form-field-stadt\" class=\"elementor-field-label\">\n\t\t\t\t\t\t\t\tStadt\t\t\t\t\t\t\t<\/label>\n\t\t\t\t\t\t\t\t\t\t\t\t\t\t<input size=\"1\" type=\"text\" name=\"form_fields[stadt]\" id=\"form-field-stadt\" class=\"elementor-field elementor-size-sm  elementor-field-textual\" required=\"required\">\n\t\t\t\t\t\t\t\t\t\t\t<\/div>\n\t\t\t\t\t\t\t\t<div class=\"elementor-field-type-number elementor-field-group elementor-column elementor-field-group-plz elementor-col-33 elementor-field-required elementor-mark-required\">\n\t\t\t\t\t\t\t\t\t\t\t\t<label for=\"form-field-plz\" class=\"elementor-field-label\">\n\t\t\t\t\t\t\t\tPLZ\t\t\t\t\t\t\t<\/label>\n\t\t\t\t\t\t\t\t\t<input type=\"number\" name=\"form_fields[plz]\" id=\"form-field-plz\" class=\"elementor-field elementor-size-sm  elementor-field-textual\" required=\"required\" min=\"\" max=\"\" >\n\t\t\t\t\t\t<\/div>\n\t\t\t\t\t\t\t\t<div class=\"elementor-field-type-html elementor-field-group elementor-column elementor-field-group-field_78f60d0 elementor-col-100\">\n\t\t\t\t\t<font style=\"color:var( --e-global-color-text );font-size:15px;\">Wie sind Sie auf uns aufmerksam geworden?<\/font>\t\t\t\t<\/div>\n\t\t\t\t\t\t\t\t<div class=\"elementor-field-type-select elementor-field-group elementor-column elementor-field-group-quelle elementor-col-100\">\n\t\t\t\t\t\t\t<div class=\"elementor-field elementor-select-wrapper remove-before \">\n\t\t\t<div class=\"select-caret-down-wrapper\">\n\t\t\t\t<svg aria-hidden=\"true\" class=\"e-font-icon-svg e-eicon-caret-down\" viewBox=\"0 0 571.4 571.4\" xmlns=\"http:\/\/www.w3.org\/2000\/svg\"><path d=\"M571 393Q571 407 561 418L311 668Q300 679 286 679T261 668L11 418Q0 407 0 393T11 368 36 357H536Q550 357 561 368T571 393Z\"><\/path><\/svg>\t\t\t<\/div>\n\t\t\t<select name=\"form_fields[quelle]\" id=\"form-field-quelle\" class=\"elementor-field-textual elementor-size-sm\">\n\t\t\t\t\t\t\t\t\t<option value=\"Bitte w\u00e4hlen...\">Bitte w\u00e4hlen...<\/option>\n\t\t\t\t\t\t\t\t\t<option value=\"Messe\">Messe<\/option>\n\t\t\t\t\t\t\t\t\t<option value=\"Empfehlung\">Empfehlung<\/option>\n\t\t\t\t\t\t\t\t\t<option value=\"Social Media\">Social Media<\/option>\n\t\t\t\t\t\t\t\t\t<option value=\"Google\">Google<\/option>\n\t\t\t\t\t\t\t\t\t<option value=\"Bestandskunde\">Bestandskunde<\/option>\n\t\t\t\t\t\t\t\t\t<option value=\"Sonstiges\">Sonstiges<\/option>\n\t\t\t\t\t\t\t<\/select>\n\t\t<\/div>\n\t\t\t\t\t\t<\/div>\n\t\t\t\t\t\t\t\t<div class=\"elementor-field-type-textarea elementor-field-group elementor-column elementor-field-group-message elementor-col-100 elementor-field-required elementor-mark-required\">\n\t\t\t\t\t\t\t\t\t\t\t\t<label for=\"form-field-message\" class=\"elementor-field-label\">\n\t\t\t\t\t\t\t\tNachricht\t\t\t\t\t\t\t<\/label>\n\t\t\t\t\t\t<textarea class=\"elementor-field-textual elementor-field  elementor-size-sm\" name=\"form_fields[message]\" id=\"form-field-message\" rows=\"3\" required=\"required\"><\/textarea>\t\t\t\t<\/div>\n\t\t\t\t\t\t\t\t<div class=\"elementor-field-type-acceptance elementor-field-group elementor-column elementor-field-group-field_edf9dad elementor-col-100 elementor-field-required elementor-mark-required\">\n\t\t\t\t\t\t\t\t\t\t\t\t<label for=\"form-field-field_edf9dad\" class=\"elementor-field-label\">\n\t\t\t\t\t\t\t\tDatenschutz\t\t\t\t\t\t\t<\/label>\n\t\t\t\t\t\t\t\t<div class=\"elementor-field-subgroup\">\n\t\t\t<span class=\"elementor-field-option\">\n\t\t\t\t<input type=\"checkbox\" name=\"form_fields[field_edf9dad]\" id=\"form-field-field_edf9dad\" class=\"elementor-field elementor-size-sm  elementor-acceptance-field\" required=\"required\">\n\t\t\t\t<label for=\"form-field-field_edf9dad\"><font style=\"color: #ffffff75; font-size: 14px;\">Ich habe die <a style=\"color:inherit;border-bottom: 1px solid;\" href=\"\/datenschutz\/\" target=\"_blank\">Datenschutzerkl\u00e4rung<\/a> gelesen und bin mit der \u00dcbersendung einverstanden.<\/font><\/label>\t\t\t<\/span>\n\t\t<\/div>\n\t\t\t\t\t\t<\/div>\n\t\t\t\t\t\t\t\t<div class=\"elementor-field-group elementor-column elementor-field-type-submit elementor-col-100 e-form__buttons\">\n\t\t\t\t\t<button class=\"elementor-button elementor-size-sm\" type=\"submit\">\n\t\t\t\t\t\t<span class=\"elementor-button-content-wrapper\">\n\t\t\t\t\t\t\t\t\t\t\t\t\t\t\t\t\t\t\t\t\t\t<span class=\"elementor-button-text\">Absenden<\/span>\n\t\t\t\t\t\t\t\t\t\t\t\t\t<\/span>\n\t\t\t\t\t<\/button>\n\t\t\t\t<\/div>\n\t\t\t<\/div>\n\t\t<\/form>\n\t\t\t\t\t\t<\/div>\n\t\t\t\t<div class=\"elementor-element elementor-element-ab74cc1 elementor-widget__width-initial elementor-widget elementor-widget-text-editor\" data-id=\"ab74cc1\" data-element_type=\"widget\" data-widget_type=\"text-editor.default\">\n\t\t\t\t\t\t\t\t\t<p>Mit * markierte Felder sind Pflichtfelder.<\/p>\t\t\t\t\t\t\t\t<\/div>\n\t\t\t\t<\/div>\n\t\t\t\t<\/div>\n\t\t\t\t<\/div>\n\t\t","protected":false},"excerpt":{"rendered":"<p>Art of Cryo Kontakt Mehr erfahren Wir freuen uns auf Ihre Nachricht Ob Frage, Beratung oder Projektanfrage \u2013 wir unterst\u00fctzen Sie gerne pers\u00f6nlich. Beratung vereinbaren Kontaktinformationen Art of Cryo by L&amp;R K\u00e4ltetechnik GmbH &amp; Co. KGHachener Str. 90a-c59846 Sundern \/ Deutschland Tel.: +49 2935 9652 0Fax: +49 2935 9652 501E-Mail: contact@artofcryo.com Gerne beraten wir Sie [&hellip;]<\/p>\n","protected":false},"author":1,"featured_media":0,"parent":1190,"menu_order":0,"comment_status":"closed","ping_status":"closed","template":"elementor_header_footer","meta":{"footnotes":""},"class_list":["post-1744","page","type-page","status-publish","hentry"],"yoast_head":"<!-- This site is optimized with the Yoast SEO plugin v27.1.1 - https:\/\/yoast.com\/product\/yoast-seo-wordpress\/ -->\n<title>Kontakt | Art of Cryo<\/title>\n<meta name=\"description\" content=\"Kontaktieren Sie Art of Cryo f\u00fcr Beratung, technische Fragen oder Projektanfragen. Pers\u00f6nliche Beratung f\u00fcr Cryo-, W\u00e4rme- und Flow-Systeme.\" \/>\n<meta name=\"robots\" content=\"index, follow, max-snippet:-1, max-image-preview:large, max-video-preview:-1\" \/>\n<link rel=\"canonical\" href=\"https:\/\/artofcryo.com\/en\/about-us\/contact\/\" \/>\n<meta property=\"og:locale\" content=\"en_GB\" \/>\n<meta property=\"og:type\" content=\"article\" \/>\n<meta property=\"og:title\" content=\"Kontakt | Art of Cryo\" \/>\n<meta property=\"og:description\" content=\"Kontaktieren Sie Art of Cryo f\u00fcr Beratung, technische Fragen oder Projektanfragen. Pers\u00f6nliche Beratung f\u00fcr Cryo-, W\u00e4rme- und Flow-Systeme.\" \/>\n<meta property=\"og:url\" content=\"https:\/\/artofcryo.com\/en\/about-us\/contact\/\" \/>\n<meta property=\"og:site_name\" content=\"Art of Cryo\" \/>\n<meta property=\"article:modified_time\" content=\"2026-03-16T21:59:51+00:00\" \/>\n<meta name=\"twitter:card\" content=\"summary_large_image\" \/>\n<meta name=\"twitter:label1\" content=\"Estimated reading time\" \/>\n\t<meta name=\"twitter:data1\" content=\"1 minute\" \/>\n<script type=\"application\/ld+json\" class=\"yoast-schema-graph\">{\"@context\":\"https:\/\/schema.org\",\"@graph\":[{\"@type\":\"WebPage\",\"@id\":\"https:\/\/artofcryo.com\/ueber-uns\/kontakt\/\",\"url\":\"https:\/\/artofcryo.com\/ueber-uns\/kontakt\/\",\"name\":\"Kontakt | Art of Cryo\",\"isPartOf\":{\"@id\":\"https:\/\/artofcryo.com\/#website\"},\"datePublished\":\"2025-12-09T13:24:26+00:00\",\"dateModified\":\"2026-03-16T21:59:51+00:00\",\"description\":\"Kontaktieren Sie Art of Cryo f\u00fcr Beratung, technische Fragen oder Projektanfragen. Pers\u00f6nliche Beratung f\u00fcr Cryo-, W\u00e4rme- und Flow-Systeme.\",\"breadcrumb\":{\"@id\":\"https:\/\/artofcryo.com\/ueber-uns\/kontakt\/#breadcrumb\"},\"inLanguage\":\"en-GB\",\"potentialAction\":[{\"@type\":\"ReadAction\",\"target\":[\"https:\/\/artofcryo.com\/ueber-uns\/kontakt\/\"]}]},{\"@type\":\"BreadcrumbList\",\"@id\":\"https:\/\/artofcryo.com\/ueber-uns\/kontakt\/#breadcrumb\",\"itemListElement\":[{\"@type\":\"ListItem\",\"position\":1,\"name\":\"Start\",\"item\":\"https:\/\/artofcryo.com\/\"},{\"@type\":\"ListItem\",\"position\":2,\"name\":\"\u00dcber uns\",\"item\":\"https:\/\/artofcryo.com\/ueber-uns\/\"},{\"@type\":\"ListItem\",\"position\":3,\"name\":\"Kontakt\"}]},{\"@type\":\"WebSite\",\"@id\":\"https:\/\/artofcryo.com\/#website\",\"url\":\"https:\/\/artofcryo.com\/\",\"name\":\"Art of Cryo\",\"description\":\"\",\"publisher\":{\"@id\":\"https:\/\/artofcryo.com\/#organization\"},\"potentialAction\":[{\"@type\":\"SearchAction\",\"target\":{\"@type\":\"EntryPoint\",\"urlTemplate\":\"https:\/\/artofcryo.com\/?s={search_term_string}\"},\"query-input\":{\"@type\":\"PropertyValueSpecification\",\"valueRequired\":true,\"valueName\":\"search_term_string\"}}],\"inLanguage\":\"en-GB\"},{\"@type\":\"Organization\",\"@id\":\"https:\/\/artofcryo.com\/#organization\",\"name\":\"Art of Cryo\",\"url\":\"https:\/\/artofcryo.com\/\",\"logo\":{\"@type\":\"ImageObject\",\"inLanguage\":\"en-GB\",\"@id\":\"https:\/\/artofcryo.com\/#\/schema\/logo\/image\/\",\"url\":\"https:\/\/artofcryo.com\/wp-content\/uploads\/2025\/11\/logo-aoc-01.svg\",\"contentUrl\":\"https:\/\/artofcryo.com\/wp-content\/uploads\/2025\/11\/logo-aoc-01.svg\",\"width\":1873,\"height\":458,\"caption\":\"Art of Cryo\"},\"image\":{\"@id\":\"https:\/\/artofcryo.com\/#\/schema\/logo\/image\/\"},\"sameAs\":[\"https:\/\/www.instagram.com\/artofcryo\/\",\"https:\/\/de.linkedin.com\/company\/artofcryo\"]}]}<\/script>\n<!-- \/ Yoast SEO plugin. -->","yoast_head_json":{"title":"Contact | Art of Cryo","description":"Contact Art of Cryo for advice, technical questions or project enquiries. Personalised advice for cryo, heat and flow systems.","robots":{"index":"index","follow":"follow","max-snippet":"max-snippet:-1","max-image-preview":"max-image-preview:large","max-video-preview":"max-video-preview:-1"},"canonical":"https:\/\/artofcryo.com\/en\/about-us\/contact\/","og_locale":"en_GB","og_type":"article","og_title":"Kontakt | Art of Cryo","og_description":"Kontaktieren Sie Art of Cryo f\u00fcr Beratung, technische Fragen oder Projektanfragen. Pers\u00f6nliche Beratung f\u00fcr Cryo-, W\u00e4rme- und Flow-Systeme.","og_url":"https:\/\/artofcryo.com\/en\/about-us\/contact\/","og_site_name":"Art of Cryo","article_modified_time":"2026-03-16T21:59:51+00:00","twitter_card":"summary_large_image","twitter_misc":{"Estimated reading time":"1 minute"},"schema":{"@context":"https:\/\/schema.org","@graph":[{"@type":"WebPage","@id":"https:\/\/artofcryo.com\/ueber-uns\/kontakt\/","url":"https:\/\/artofcryo.com\/ueber-uns\/kontakt\/","name":"Contact | Art of Cryo","isPartOf":{"@id":"https:\/\/artofcryo.com\/#website"},"datePublished":"2025-12-09T13:24:26+00:00","dateModified":"2026-03-16T21:59:51+00:00","description":"Contact Art of Cryo for advice, technical questions or project enquiries. Personalised advice for cryo, heat and flow systems.","breadcrumb":{"@id":"https:\/\/artofcryo.com\/ueber-uns\/kontakt\/#breadcrumb"},"inLanguage":"en-GB","potentialAction":[{"@type":"ReadAction","target":["https:\/\/artofcryo.com\/ueber-uns\/kontakt\/"]}]},{"@type":"BreadcrumbList","@id":"https:\/\/artofcryo.com\/ueber-uns\/kontakt\/#breadcrumb","itemListElement":[{"@type":"ListItem","position":1,"name":"Start","item":"https:\/\/artofcryo.com\/"},{"@type":"ListItem","position":2,"name":"\u00dcber uns","item":"https:\/\/artofcryo.com\/ueber-uns\/"},{"@type":"ListItem","position":3,"name":"Kontakt"}]},{"@type":"WebSite","@id":"https:\/\/artofcryo.com\/#website","url":"https:\/\/artofcryo.com\/","name":"Art of Cryo","description":"","publisher":{"@id":"https:\/\/artofcryo.com\/#organization"},"potentialAction":[{"@type":"SearchAction","target":{"@type":"EntryPoint","urlTemplate":"https:\/\/artofcryo.com\/?s={search_term_string}"},"query-input":{"@type":"PropertyValueSpecification","valueRequired":true,"valueName":"search_term_string"}}],"inLanguage":"en-GB"},{"@type":"Organization","@id":"https:\/\/artofcryo.com\/#organization","name":"Art of Cryo","url":"https:\/\/artofcryo.com\/","logo":{"@type":"ImageObject","inLanguage":"en-GB","@id":"https:\/\/artofcryo.com\/#\/schema\/logo\/image\/","url":"https:\/\/artofcryo.com\/wp-content\/uploads\/2025\/11\/logo-aoc-01.svg","contentUrl":"https:\/\/artofcryo.com\/wp-content\/uploads\/2025\/11\/logo-aoc-01.svg","width":1873,"height":458,"caption":"Art of Cryo"},"image":{"@id":"https:\/\/artofcryo.com\/#\/schema\/logo\/image\/"},"sameAs":["https:\/\/www.instagram.com\/artofcryo\/","https:\/\/de.linkedin.com\/company\/artofcryo"]}]}},"_links":{"self":[{"href":"https:\/\/artofcryo.com\/en\/wp-json\/wp\/v2\/pages\/1744","targetHints":{"allow":["GET"]}}],"collection":[{"href":"https:\/\/artofcryo.com\/en\/wp-json\/wp\/v2\/pages"}],"about":[{"href":"https:\/\/artofcryo.com\/en\/wp-json\/wp\/v2\/types\/page"}],"author":[{"embeddable":true,"href":"https:\/\/artofcryo.com\/en\/wp-json\/wp\/v2\/users\/1"}],"replies":[{"embeddable":true,"href":"https:\/\/artofcryo.com\/en\/wp-json\/wp\/v2\/comments?post=1744"}],"version-history":[{"count":43,"href":"https:\/\/artofcryo.com\/en\/wp-json\/wp\/v2\/pages\/1744\/revisions"}],"predecessor-version":[{"id":4068,"href":"https:\/\/artofcryo.com\/en\/wp-json\/wp\/v2\/pages\/1744\/revisions\/4068"}],"up":[{"embeddable":true,"href":"https:\/\/artofcryo.com\/en\/wp-json\/wp\/v2\/pages\/1190"}],"wp:attachment":[{"href":"https:\/\/artofcryo.com\/en\/wp-json\/wp\/v2\/media?parent=1744"}],"curies":[{"name":"wp","href":"https:\/\/api.w.org\/{rel}","templated":true}]}}