{"id":1803,"date":"2025-12-09T16:17:03","date_gmt":"2025-12-09T15:17:03","guid":{"rendered":"https:\/\/artofcryo.com\/?page_id=1803"},"modified":"2026-02-17T12:51:09","modified_gmt":"2026-02-17T11:51:09","slug":"press","status":"publish","type":"page","link":"https:\/\/artofcryo.com\/en\/ueber-uns\/presse\/","title":{"rendered":"Press"},"content":{"rendered":"<div data-elementor-type=\"wp-page\" data-elementor-id=\"1803\" class=\"elementor elementor-1803\" data-elementor-post-type=\"page\">\n\t\t\t\t<div class=\"elementor-element elementor-element-6fa326f e-flex e-con-boxed e-con e-parent\" data-id=\"6fa326f\" data-element_type=\"container\" data-e-type=\"container\" data-settings=\"{&quot;background_background&quot;:&quot;classic&quot;}\">\n\t\t\t\t\t<div class=\"e-con-inner\">\n\t\t<div class=\"elementor-element elementor-element-5c1a7dc e-con-full e-flex e-con e-child\" data-id=\"5c1a7dc\" data-element_type=\"container\" data-e-type=\"container\">\n\t\t\t\t<div class=\"elementor-element elementor-element-1a71525 elementor-widget elementor-widget-heading\" data-id=\"1a71525\" data-element_type=\"widget\" data-e-type=\"widget\" data-widget_type=\"heading.default\">\n\t\t\t\t\t<p class=\"elementor-heading-title elementor-size-default\">Art of Cryo<\/p>\t\t\t\t<\/div>\n\t\t\t\t<div class=\"elementor-element elementor-element-e26f934 elementor-widget elementor-widget-heading\" data-id=\"e26f934\" data-element_type=\"widget\" data-e-type=\"widget\" data-widget_type=\"heading.default\">\n\t\t\t\t\t<h1 class=\"elementor-heading-title elementor-size-default\">Press &amp; Media<\/h1>\t\t\t\t<\/div>\n\t\t\t\t<div class=\"elementor-element elementor-element-7597cb1 elementor-widget elementor-widget-button\" data-id=\"7597cb1\" data-element_type=\"widget\" data-e-type=\"widget\" data-widget_type=\"button.default\">\n\t\t\t\t\t\t\t\t\t\t<a class=\"elementor-button elementor-button-link elementor-size-sm\" href=\"#top\">\n\t\t\t\t\t\t<span class=\"elementor-button-content-wrapper\">\n\t\t\t\t\t\t<span class=\"elementor-button-icon\">\n\t\t\t\t<svg xmlns=\"http:\/\/www.w3.org\/2000\/svg\" id=\"Ebene_2\" data-name=\"Ebene 2\" viewbox=\"0 0 16 16\"><defs><style>      .cls-1 {        stroke-width: 0px;      }    <\/style><\/defs><g id=\"Ebene_1-2\" data-name=\"Ebene 1\"><path class=\"cls-1\" d=\"M12.18,9H0v-2h12.18L6.58,1.4l1.43-1.4,8,8-8,8-1.43-1.4,5.6-5.6Z\"><\/path><\/g><\/svg>\t\t\t<\/span>\n\t\t\t\t\t\t\t\t\t<span class=\"elementor-button-text\">Learn more<\/span>\n\t\t\t\t\t<\/span>\n\t\t\t\t\t<\/a>\n\t\t\t\t\t\t\t\t<\/div>\n\t\t\t\t<\/div>\n\t\t\t\t\t<\/div>\n\t\t\t\t<\/div>\n\t\t<div class=\"elementor-element elementor-element-8189478 e-flex e-con-boxed e-con e-parent\" data-id=\"8189478\" data-element_type=\"container\" data-e-type=\"container\" id=\"top\">\n\t\t\t\t\t<div class=\"e-con-inner\">\n\t\t<div class=\"elementor-element elementor-element-a8ed814 e-con-full e-flex e-con e-child\" data-id=\"a8ed814\" data-element_type=\"container\" data-e-type=\"container\">\n\t\t\t\t<div class=\"elementor-element elementor-element-d2ca27e elementor-widget__width-initial elementor-widget-tablet__width-inherit elementor-widget elementor-widget-heading\" data-id=\"d2ca27e\" data-element_type=\"widget\" data-e-type=\"widget\" data-widget_type=\"heading.default\">\n\t\t\t\t\t<h2 class=\"elementor-heading-title elementor-size-default\">Press materials<\/h2>\t\t\t\t<\/div>\n\t\t\t\t<div class=\"elementor-element elementor-element-7cd738f elementor-widget__width-initial elementor-widget-mobile__width-inherit elementor-widget-tablet__width-inherit elementor-widget elementor-widget-heading\" data-id=\"7cd738f\" data-element_type=\"widget\" data-e-type=\"widget\" data-widget_type=\"heading.default\">\n\t\t\t\t\t<h3 class=\"elementor-heading-title elementor-size-default\">Information, images and contacts for media representatives<\/h3>\t\t\t\t<\/div>\n\t\t\t\t<div class=\"elementor-element elementor-element-74db832 elementor-widget__width-initial elementor-widget elementor-widget-text-editor\" data-id=\"74db832\" data-element_type=\"widget\" data-e-type=\"widget\" data-widget_type=\"text-editor.default\">\n\t\t\t\t\t\t\t\t\t<p>Art of Cryo stands for high-quality cryo, heat and flow technologies \u201eMade in Germany\u201c.<br \/>On this page, journalists and media partners will find all relevant information, press materials and contact options for reporting, interviews or background discussions.<\/p><p>We are always available to answer individual enquiries personally.<\/p>\t\t\t\t\t\t\t\t<\/div>\n\t\t\t\t<\/div>\n\t\t<div class=\"elementor-element elementor-element-51078ff e-con-full e-flex e-con e-child\" data-id=\"51078ff\" data-element_type=\"container\" data-e-type=\"container\">\n\t\t\t\t<div class=\"elementor-element elementor-element-9ae4c5d elementor-widget__width-inherit elementor-widget elementor-widget-image\" data-id=\"9ae4c5d\" data-element_type=\"widget\" data-e-type=\"widget\" data-widget_type=\"image.default\">\n\t\t\t\t\t\t\t\t\t\t\t\t\t\t\t<img fetchpriority=\"high\" decoding=\"async\" width=\"800\" height=\"448\" src=\"https:\/\/artofcryo.com\/wp-content\/uploads\/2025\/10\/art-of-cryo-mcs-03-1024x574.jpg\" class=\"attachment-large size-large wp-image-86\" alt=\"\" srcset=\"https:\/\/artofcryo.com\/wp-content\/uploads\/2025\/10\/art-of-cryo-mcs-03-1024x574.jpg 1024w, https:\/\/artofcryo.com\/wp-content\/uploads\/2025\/10\/art-of-cryo-mcs-03-300x168.jpg 300w, https:\/\/artofcryo.com\/wp-content\/uploads\/2025\/10\/art-of-cryo-mcs-03-768x431.jpg 768w, https:\/\/artofcryo.com\/wp-content\/uploads\/2025\/10\/art-of-cryo-mcs-03-1536x862.jpg 1536w, https:\/\/artofcryo.com\/wp-content\/uploads\/2025\/10\/art-of-cryo-mcs-03-2048x1149.jpg 2048w\" sizes=\"(max-width: 800px) 100vw, 800px\" \/>\t\t\t\t\t\t\t\t\t\t\t\t\t\t\t<\/div>\n\t\t<div class=\"elementor-element elementor-element-f6dc9f5 e-con-full cold-smoke e-flex elementor-invisible e-con e-child\" data-id=\"f6dc9f5\" data-element_type=\"container\" data-e-type=\"container\" data-settings=\"{&quot;animation&quot;:&quot;fadeInUp&quot;}\">\n\t\t\t\t<div class=\"elementor-element elementor-element-68193f1 elementor-widget elementor-widget-heading\" data-id=\"68193f1\" data-element_type=\"widget\" data-e-type=\"widget\" data-widget_type=\"heading.default\">\n\t\t\t\t\t<h2 class=\"elementor-heading-title elementor-size-default\">Press enquiries<\/h2>\t\t\t\t<\/div>\n\t\t\t\t<div class=\"elementor-element elementor-element-c19770b elementor-widget elementor-widget-text-editor\" data-id=\"c19770b\" data-element_type=\"widget\" data-e-type=\"widget\" data-widget_type=\"text-editor.default\">\n\t\t\t\t\t\t\t\t\t<p>For press releases, statements, image material or interview requests:<\/p><p><strong>e-mail:<\/strong> <a href=\"mailto:presse@art-of-cry.com\">presse@art-of-cry.com<\/a><\/p>\t\t\t\t\t\t\t\t<\/div>\n\t\t\t\t<\/div>\n\t\t\t\t<\/div>\n\t\t\t\t\t<\/div>\n\t\t\t\t<\/div>\n\t\t\t\t<\/div>","protected":false},"excerpt":{"rendered":"<p>Art of Cryo Presse &amp; Medien Mehr erfahren Presse&shy;materialien Informationen, Bildmaterial und Ansprechpartner f\u00fcr Medienvertreter Art of Cryo steht f\u00fcr hochwertige Cryo-, W\u00e4rme- und Flow-Technologien \u201eMade in Germany\u201c.Auf dieser Seite finden Journalisten und Medienpartner alle relevanten Informationen, Pressematerialien und Kontaktm\u00f6glichkeiten f\u00fcr Berichterstattungen, Interviews oder Hintergrundgespr\u00e4che. F\u00fcr individuelle Anfragen stehen wir Ihnen jederzeit pers\u00f6nlich zur Verf\u00fcgung. [&hellip;]<\/p>\n","protected":false},"author":1,"featured_media":0,"parent":1190,"menu_order":0,"comment_status":"closed","ping_status":"closed","template":"elementor_header_footer","meta":{"footnotes":""},"class_list":["post-1803","page","type-page","status-publish","hentry"],"yoast_head":"<!-- This site is optimized with the Yoast SEO plugin v27.3 - https:\/\/yoast.com\/product\/yoast-seo-wordpress\/ -->\n<title>Presse &amp; Medien | Art of Cryo<\/title>\n<meta name=\"description\" content=\"Pressebereich von Art of Cryo: Informationen, Pressematerial, Unternehmensprofil und Ansprechpartner f\u00fcr Medienanfragen.\" \/>\n<meta name=\"robots\" content=\"index, follow, max-snippet:-1, max-image-preview:large, max-video-preview:-1\" \/>\n<link rel=\"canonical\" href=\"https:\/\/artofcryo.com\/en\/about-us\/press\/\" \/>\n<meta property=\"og:locale\" content=\"en_GB\" \/>\n<meta property=\"og:type\" content=\"article\" \/>\n<meta property=\"og:title\" content=\"Presse &amp; Medien | Art of Cryo\" \/>\n<meta property=\"og:description\" content=\"Pressebereich von Art of Cryo: Informationen, Pressematerial, Unternehmensprofil und Ansprechpartner f\u00fcr Medienanfragen.\" \/>\n<meta property=\"og:url\" content=\"https:\/\/artofcryo.com\/en\/about-us\/press\/\" \/>\n<meta property=\"og:site_name\" content=\"Art of Cryo\" \/>\n<meta property=\"article:publisher\" content=\"https:\/\/www.facebook.com\/artofcryo\" \/>\n<meta property=\"article:modified_time\" content=\"2026-02-17T11:51:09+00:00\" \/>\n<meta property=\"og:image\" content=\"https:\/\/artofcryo.com\/wp-content\/uploads\/2025\/10\/art-of-cryo-mcs-03.jpg\" \/>\n\t<meta property=\"og:image:width\" content=\"2560\" \/>\n\t<meta property=\"og:image:height\" content=\"1436\" \/>\n\t<meta property=\"og:image:type\" content=\"image\/jpeg\" \/>\n<meta name=\"twitter:card\" content=\"summary_large_image\" \/>\n<meta name=\"twitter:label1\" content=\"Estimated reading time\" \/>\n\t<meta name=\"twitter:data1\" content=\"1 minute\" \/>\n<script type=\"application\/ld+json\" class=\"yoast-schema-graph\">{\"@context\":\"https:\\\/\\\/schema.org\",\"@graph\":[{\"@type\":\"WebPage\",\"@id\":\"https:\\\/\\\/artofcryo.com\\\/ueber-uns\\\/presse\\\/\",\"url\":\"https:\\\/\\\/artofcryo.com\\\/ueber-uns\\\/presse\\\/\",\"name\":\"Presse & Medien | Art of Cryo\",\"isPartOf\":{\"@id\":\"https:\\\/\\\/artofcryo.com\\\/#website\"},\"primaryImageOfPage\":{\"@id\":\"https:\\\/\\\/artofcryo.com\\\/ueber-uns\\\/presse\\\/#primaryimage\"},\"image\":{\"@id\":\"https:\\\/\\\/artofcryo.com\\\/ueber-uns\\\/presse\\\/#primaryimage\"},\"thumbnailUrl\":\"https:\\\/\\\/artofcryo.com\\\/wp-content\\\/uploads\\\/2025\\\/10\\\/art-of-cryo-mcs-03-1024x574.jpg\",\"datePublished\":\"2025-12-09T15:17:03+00:00\",\"dateModified\":\"2026-02-17T11:51:09+00:00\",\"description\":\"Pressebereich von Art of Cryo: Informationen, Pressematerial, Unternehmensprofil und Ansprechpartner f\u00fcr Medienanfragen.\",\"breadcrumb\":{\"@id\":\"https:\\\/\\\/artofcryo.com\\\/ueber-uns\\\/presse\\\/#breadcrumb\"},\"inLanguage\":\"en-GB\",\"potentialAction\":[{\"@type\":\"ReadAction\",\"target\":[\"https:\\\/\\\/artofcryo.com\\\/ueber-uns\\\/presse\\\/\"]}]},{\"@type\":\"ImageObject\",\"inLanguage\":\"en-GB\",\"@id\":\"https:\\\/\\\/artofcryo.com\\\/ueber-uns\\\/presse\\\/#primaryimage\",\"url\":\"https:\\\/\\\/artofcryo.com\\\/wp-content\\\/uploads\\\/2025\\\/10\\\/art-of-cryo-mcs-03-1024x574.jpg\",\"contentUrl\":\"https:\\\/\\\/artofcryo.com\\\/wp-content\\\/uploads\\\/2025\\\/10\\\/art-of-cryo-mcs-03-1024x574.jpg\"},{\"@type\":\"BreadcrumbList\",\"@id\":\"https:\\\/\\\/artofcryo.com\\\/ueber-uns\\\/presse\\\/#breadcrumb\",\"itemListElement\":[{\"@type\":\"ListItem\",\"position\":1,\"name\":\"Start\",\"item\":\"https:\\\/\\\/artofcryo.com\\\/\"},{\"@type\":\"ListItem\",\"position\":2,\"name\":\"\u00dcber uns\",\"item\":\"https:\\\/\\\/artofcryo.com\\\/ueber-uns\\\/\"},{\"@type\":\"ListItem\",\"position\":3,\"name\":\"Presse\"}]},{\"@type\":\"WebSite\",\"@id\":\"https:\\\/\\\/artofcryo.com\\\/#website\",\"url\":\"https:\\\/\\\/artofcryo.com\\\/\",\"name\":\"Art of Cryo\",\"description\":\"\",\"publisher\":{\"@id\":\"https:\\\/\\\/artofcryo.com\\\/#organization\"},\"potentialAction\":[{\"@type\":\"SearchAction\",\"target\":{\"@type\":\"EntryPoint\",\"urlTemplate\":\"https:\\\/\\\/artofcryo.com\\\/?s={search_term_string}\"},\"query-input\":{\"@type\":\"PropertyValueSpecification\",\"valueRequired\":true,\"valueName\":\"search_term_string\"}}],\"inLanguage\":\"en-GB\"},{\"@type\":\"Organization\",\"@id\":\"https:\\\/\\\/artofcryo.com\\\/#organization\",\"name\":\"Art of Cryo eine Division von L & R K\u00e4ltetechnik GmbH & Co. KG\",\"alternateName\":\"Art of Cryo\",\"url\":\"https:\\\/\\\/artofcryo.com\\\/\",\"logo\":{\"@type\":\"ImageObject\",\"inLanguage\":\"en-GB\",\"@id\":\"https:\\\/\\\/artofcryo.com\\\/#\\\/schema\\\/logo\\\/image\\\/\",\"url\":\"https:\\\/\\\/artofcryo.com\\\/wp-content\\\/uploads\\\/2025\\\/11\\\/logo-aoc-01.svg\",\"contentUrl\":\"https:\\\/\\\/artofcryo.com\\\/wp-content\\\/uploads\\\/2025\\\/11\\\/logo-aoc-01.svg\",\"width\":1873,\"height\":458,\"caption\":\"Art of Cryo eine Division von L & R K\u00e4ltetechnik GmbH & Co. KG\"},\"image\":{\"@id\":\"https:\\\/\\\/artofcryo.com\\\/#\\\/schema\\\/logo\\\/image\\\/\"},\"sameAs\":[\"https:\\\/\\\/www.facebook.com\\\/artofcryo\",\"https:\\\/\\\/www.instagram.com\\\/artofcryo\\\/\",\"https:\\\/\\\/de.linkedin.com\\\/company\\\/artofcryo\"]}]}<\/script>\n<!-- \/ Yoast SEO plugin. -->","yoast_head_json":{"title":"Press &amp; Media | Art of Cryo","description":"Press area of Art of Cryo: Information, press material, company profile and contact for media enquiries.","robots":{"index":"index","follow":"follow","max-snippet":"max-snippet:-1","max-image-preview":"max-image-preview:large","max-video-preview":"max-video-preview:-1"},"canonical":"https:\/\/artofcryo.com\/en\/about-us\/press\/","og_locale":"en_GB","og_type":"article","og_title":"Presse & Medien | Art of Cryo","og_description":"Pressebereich von Art of Cryo: Informationen, Pressematerial, Unternehmensprofil und Ansprechpartner f\u00fcr Medienanfragen.","og_url":"https:\/\/artofcryo.com\/en\/about-us\/press\/","og_site_name":"Art of Cryo","article_publisher":"https:\/\/www.facebook.com\/artofcryo","article_modified_time":"2026-02-17T11:51:09+00:00","og_image":[{"width":2560,"height":1436,"url":"https:\/\/artofcryo.com\/wp-content\/uploads\/2025\/10\/art-of-cryo-mcs-03.jpg","type":"image\/jpeg"}],"twitter_card":"summary_large_image","twitter_misc":{"Estimated reading time":"1 minute"},"schema":{"@context":"https:\/\/schema.org","@graph":[{"@type":"WebPage","@id":"https:\/\/artofcryo.com\/ueber-uns\/presse\/","url":"https:\/\/artofcryo.com\/ueber-uns\/presse\/","name":"Press &amp; Media | Art of Cryo","isPartOf":{"@id":"https:\/\/artofcryo.com\/#website"},"primaryImageOfPage":{"@id":"https:\/\/artofcryo.com\/ueber-uns\/presse\/#primaryimage"},"image":{"@id":"https:\/\/artofcryo.com\/ueber-uns\/presse\/#primaryimage"},"thumbnailUrl":"https:\/\/artofcryo.com\/wp-content\/uploads\/2025\/10\/art-of-cryo-mcs-03-1024x574.jpg","datePublished":"2025-12-09T15:17:03+00:00","dateModified":"2026-02-17T11:51:09+00:00","description":"Press area of Art of Cryo: Information, press material, company profile and contact for media enquiries.","breadcrumb":{"@id":"https:\/\/artofcryo.com\/ueber-uns\/presse\/#breadcrumb"},"inLanguage":"en-GB","potentialAction":[{"@type":"ReadAction","target":["https:\/\/artofcryo.com\/ueber-uns\/presse\/"]}]},{"@type":"ImageObject","inLanguage":"en-GB","@id":"https:\/\/artofcryo.com\/ueber-uns\/presse\/#primaryimage","url":"https:\/\/artofcryo.com\/wp-content\/uploads\/2025\/10\/art-of-cryo-mcs-03-1024x574.jpg","contentUrl":"https:\/\/artofcryo.com\/wp-content\/uploads\/2025\/10\/art-of-cryo-mcs-03-1024x574.jpg"},{"@type":"BreadcrumbList","@id":"https:\/\/artofcryo.com\/ueber-uns\/presse\/#breadcrumb","itemListElement":[{"@type":"ListItem","position":1,"name":"Start","item":"https:\/\/artofcryo.com\/"},{"@type":"ListItem","position":2,"name":"\u00dcber uns","item":"https:\/\/artofcryo.com\/ueber-uns\/"},{"@type":"ListItem","position":3,"name":"Presse"}]},{"@type":"WebSite","@id":"https:\/\/artofcryo.com\/#website","url":"https:\/\/artofcryo.com\/","name":"Art of Cryo","description":"","publisher":{"@id":"https:\/\/artofcryo.com\/#organization"},"potentialAction":[{"@type":"SearchAction","target":{"@type":"EntryPoint","urlTemplate":"https:\/\/artofcryo.com\/?s={search_term_string}"},"query-input":{"@type":"PropertyValueSpecification","valueRequired":true,"valueName":"search_term_string"}}],"inLanguage":"en-GB"},{"@type":"Organization","@id":"https:\/\/artofcryo.com\/#organization","name":"Art of Cryo, a division of L &amp; R K\u00e4ltetechnik GmbH &amp; Co. KG","alternateName":"Art of Cryo","url":"https:\/\/artofcryo.com\/","logo":{"@type":"ImageObject","inLanguage":"en-GB","@id":"https:\/\/artofcryo.com\/#\/schema\/logo\/image\/","url":"https:\/\/artofcryo.com\/wp-content\/uploads\/2025\/11\/logo-aoc-01.svg","contentUrl":"https:\/\/artofcryo.com\/wp-content\/uploads\/2025\/11\/logo-aoc-01.svg","width":1873,"height":458,"caption":"Art of Cryo eine Division von L & R K\u00e4ltetechnik GmbH & Co. KG"},"image":{"@id":"https:\/\/artofcryo.com\/#\/schema\/logo\/image\/"},"sameAs":["https:\/\/www.facebook.com\/artofcryo","https:\/\/www.instagram.com\/artofcryo\/","https:\/\/de.linkedin.com\/company\/artofcryo"]}]}},"_links":{"self":[{"href":"https:\/\/artofcryo.com\/en\/wp-json\/wp\/v2\/pages\/1803","targetHints":{"allow":["GET"]}}],"collection":[{"href":"https:\/\/artofcryo.com\/en\/wp-json\/wp\/v2\/pages"}],"about":[{"href":"https:\/\/artofcryo.com\/en\/wp-json\/wp\/v2\/types\/page"}],"author":[{"embeddable":true,"href":"https:\/\/artofcryo.com\/en\/wp-json\/wp\/v2\/users\/1"}],"replies":[{"embeddable":true,"href":"https:\/\/artofcryo.com\/en\/wp-json\/wp\/v2\/comments?post=1803"}],"version-history":[{"count":0,"href":"https:\/\/artofcryo.com\/en\/wp-json\/wp\/v2\/pages\/1803\/revisions"}],"up":[{"embeddable":true,"href":"https:\/\/artofcryo.com\/en\/wp-json\/wp\/v2\/pages\/1190"}],"wp:attachment":[{"href":"https:\/\/artofcryo.com\/en\/wp-json\/wp\/v2\/media?parent=1803"}],"curies":[{"name":"wp","href":"https:\/\/api.w.org\/{rel}","templated":true}]}}