{"id":1734,"date":"2025-12-09T13:56:12","date_gmt":"2025-12-09T12:56:12","guid":{"rendered":"https:\/\/artofcryo.com\/?page_id=1734"},"modified":"2026-04-17T14:05:22","modified_gmt":"2026-04-17T12:05:22","slug":"24h-ligne-de-garde","status":"publish","type":"page","link":"https:\/\/artofcryo.com\/fr\/service\/24h-cool-line\/","title":{"rendered":"24h COOL-Line"},"content":{"rendered":"<div data-elementor-type=\"wp-page\" data-elementor-id=\"1734\" class=\"elementor elementor-1734\" data-elementor-post-type=\"page\">\n\t\t\t\t<div class=\"elementor-element elementor-element-bbcde40 e-flex e-con-boxed e-con e-parent\" data-id=\"bbcde40\" data-element_type=\"container\" data-e-type=\"container\" data-settings=\"{&quot;background_background&quot;:&quot;classic&quot;}\">\n\t\t\t\t\t<div class=\"e-con-inner\">\n\t\t<div class=\"elementor-element elementor-element-b5bcad9 e-con-full e-flex e-con e-child\" data-id=\"b5bcad9\" data-element_type=\"container\" data-e-type=\"container\">\n\t\t\t\t<div class=\"elementor-element elementor-element-93d2d33 elementor-widget elementor-widget-heading\" data-id=\"93d2d33\" data-element_type=\"widget\" data-e-type=\"widget\" data-widget_type=\"heading.default\">\n\t\t\t\t\t<p class=\"elementor-heading-title elementor-size-default\">L'art de la cryog\u00e9nisation<\/p>\t\t\t\t<\/div>\n\t\t\t\t<div class=\"elementor-element elementor-element-7daee8b elementor-widget elementor-widget-heading\" data-id=\"7daee8b\" data-element_type=\"widget\" data-e-type=\"widget\" data-widget_type=\"heading.default\">\n\t\t\t\t\t<h1 class=\"elementor-heading-title elementor-size-default\">24h COOL-Line<\/h1>\t\t\t\t<\/div>\n\t\t\t\t<div class=\"elementor-element elementor-element-dd03a26 elementor-widget elementor-widget-button\" data-id=\"dd03a26\" data-element_type=\"widget\" data-e-type=\"widget\" data-widget_type=\"button.default\">\n\t\t\t\t\t\t\t\t\t\t<a class=\"elementor-button elementor-button-link elementor-size-sm\" href=\"#top\">\n\t\t\t\t\t\t<span class=\"elementor-button-content-wrapper\">\n\t\t\t\t\t\t<span class=\"elementor-button-icon\">\n\t\t\t\t<svg xmlns=\"http:\/\/www.w3.org\/2000\/svg\" id=\"Ebene_2\" data-name=\"Ebene 2\" viewbox=\"0 0 16 16\"><defs><style>      .cls-1 {        stroke-width: 0px;      }    <\/style><\/defs><g id=\"Ebene_1-2\" data-name=\"Ebene 1\"><path class=\"cls-1\" d=\"M12.18,9H0v-2h12.18L6.58,1.4l1.43-1.4,8,8-8,8-1.43-1.4,5.6-5.6Z\"><\/path><\/g><\/svg>\t\t\t<\/span>\n\t\t\t\t\t\t\t\t\t<span class=\"elementor-button-text\">En savoir plus<\/span>\n\t\t\t\t\t<\/span>\n\t\t\t\t\t<\/a>\n\t\t\t\t\t\t\t\t<\/div>\n\t\t\t\t<\/div>\n\t\t\t\t\t<\/div>\n\t\t\t\t<\/div>\n\t\t<div class=\"elementor-element elementor-element-f65b822 e-flex e-con-boxed e-con e-parent\" data-id=\"f65b822\" data-element_type=\"container\" data-e-type=\"container\" id=\"top\">\n\t\t\t\t\t<div class=\"e-con-inner\">\n\t\t<div class=\"elementor-element elementor-element-5c097ed e-con-full e-flex e-con e-child\" data-id=\"5c097ed\" data-element_type=\"container\" data-e-type=\"container\">\n\t\t\t\t<div class=\"elementor-element elementor-element-4010c1d elementor-widget__width-initial elementor-widget-tablet__width-inherit elementor-widget elementor-widget-heading\" data-id=\"4010c1d\" data-element_type=\"widget\" data-e-type=\"widget\" data-widget_type=\"heading.default\">\n\t\t\t\t\t<h2 class=\"elementor-heading-title elementor-size-default\">Votre ligne d'assistance t\u00e9l\u00e9phonique disponible 24 heures sur 24<\/h2>\t\t\t\t<\/div>\n\t\t\t\t<div class=\"elementor-element elementor-element-264d947 elementor-widget__width-initial elementor-widget-mobile__width-inherit elementor-widget-tablet__width-inherit elementor-widget elementor-widget-heading\" data-id=\"264d947\" data-element_type=\"widget\" data-e-type=\"widget\" data-widget_type=\"heading.default\">\n\t\t\t\t\t<h3 class=\"elementor-heading-title elementor-size-default\">Soutien rapide au quotidien des op\u00e9rateurs<\/h3>\t\t\t\t<\/div>\n\t\t\t\t<div class=\"elementor-element elementor-element-3e06f8b elementor-widget__width-initial elementor-widget elementor-widget-text-editor\" data-id=\"3e06f8b\" data-element_type=\"widget\" data-e-type=\"widget\" data-widget_type=\"text-editor.default\">\n\t\t\t\t\t\t\t\t\t<p>La gamme \u201eCOOL-Line\u201c de DIE ART OF CRYO est le service d'astreinte central 24h\/24 et 7j\/7 destin\u00e9 aux exploitants qui d\u00e9pendent d'une assistance rapide, comp\u00e9tente et fiable dans leurs op\u00e9rations quotidiennes.<br \/>Notre \u00e9quipe de service r\u00e9agit de mani\u00e8re structur\u00e9e et ax\u00e9e sur les solutions \u2013 directement issue de l'environnement du support technique et bas\u00e9e sur les comp\u00e9tences allemandes en ing\u00e9nierie et en service.<\/p><p>Qu'il s'agisse de questions sur l'utilisation, de suggestions issues du fonctionnement courant ou de coordinations organisationnelles : la COOL-Line offre une assistance comp\u00e9tente pour les syst\u00e8mes Cryo, Chaleur et FLOW \u00e0 tout moment \u2013 ind\u00e9pendamment de l'heure ou du jour de la semaine.<\/p>\t\t\t\t\t\t\t\t<\/div>\n\t\t\t\t<\/div>\n\t\t<div class=\"elementor-element elementor-element-955e1a7 e-con-full e-flex e-con e-child\" data-id=\"955e1a7\" data-element_type=\"container\" data-e-type=\"container\">\n\t\t<div class=\"elementor-element elementor-element-e6ce8e3 e-con-full e-flex e-con e-child\" data-id=\"e6ce8e3\" data-element_type=\"container\" data-e-type=\"container\">\n\t\t\t\t<div class=\"elementor-element elementor-element-4d4da33 elementor-view-stacked elementor-shape-circle elementor-widget elementor-widget-icon\" data-id=\"4d4da33\" data-element_type=\"widget\" data-e-type=\"widget\" data-widget_type=\"icon.default\">\n\t\t\t\t\t\t\t<div class=\"elementor-icon-wrapper\">\n\t\t\t<div class=\"elementor-icon\">\n\t\t\t<svg xmlns=\"http:\/\/www.w3.org\/2000\/svg\" id=\"Ebene_2\" data-name=\"Ebene 2\" viewbox=\"0 0 15.4 15.4\"><defs><style>      .cls-1 {        stroke-width: 0px;      }    <\/style><\/defs><g id=\"Ebene_1-2\" data-name=\"Ebene 1\"><path class=\"cls-1\" d=\"M1.08,15.4c-.31,0-.56-.1-.77-.3-.2-.2-.31-.45-.31-.75v-1.95c0-.28.09-.53.26-.75s.4-.36.69-.43l1.7-.35c.25-.03.47-.03.66.03s.37.17.54.35l2.08,2.13c.85-.47,1.63-.96,2.33-1.48s1.35-1.08,1.95-1.68c.57-.58,1.1-1.2,1.61-1.86s.98-1.38,1.41-2.16l-2.13-1.93c-.17-.13-.28-.31-.35-.53s-.08-.47-.03-.75l.45-2.05c.08-.28.23-.51.44-.69s.45-.26.74-.26h2c.3,0,.55.1.75.31.2.2.3.46.3.77,0,1.57-.41,3.19-1.24,4.88-.83,1.68-1.98,3.27-3.45,4.75s-3.06,2.64-4.75,3.46-3.32,1.24-4.89,1.24ZM13.55,5.55c.35-.78.63-1.56.84-2.33s.31-1.49.31-2.18c0-.1-.03-.18-.1-.25s-.15-.1-.25-.1h-2c-.13,0-.24.03-.33.1s-.14.17-.18.3l-.45,2.05c-.03.1-.04.21-.01.33s.08.21.16.28l2,1.8ZM5.25,13.7l-1.95-2c-.08-.08-.16-.14-.24-.16s-.16-.02-.26.01l-1.7.35c-.13.03-.23.09-.3.18s-.1.19-.1.33v1.95c0,.1.03.18.1.25s.15.1.25.1c.53,0,1.2-.08,1.99-.24s1.53-.41,2.21-.76Z\"><\/path><\/g><\/svg>\t\t\t<\/div>\n\t\t<\/div>\n\t\t\t\t\t\t<\/div>\n\t\t\t\t<div class=\"elementor-element elementor-element-1eb438c elementor-widget elementor-widget-heading\" data-id=\"1eb438c\" data-element_type=\"widget\" data-e-type=\"widget\" data-widget_type=\"heading.default\">\n\t\t\t\t\t<div class=\"elementor-heading-title elementor-size-default\"><a href=\"tel:+49293596520\">+49 2935 9652 0<\/a><\/div>\t\t\t\t<\/div>\n\t\t\t\t<\/div>\n\t\t<div class=\"elementor-element elementor-element-8cc7bf2 e-con-full cold-smoke e-flex elementor-invisible e-con e-child\" data-id=\"8cc7bf2\" data-element_type=\"container\" data-e-type=\"container\" data-settings=\"{&quot;animation&quot;:&quot;fadeInUp&quot;}\">\n\t\t\t\t<div class=\"elementor-element elementor-element-971ede4 elementor-widget elementor-widget-heading\" data-id=\"971ede4\" data-element_type=\"widget\" data-e-type=\"widget\" data-widget_type=\"heading.default\">\n\t\t\t\t\t<h2 class=\"elementor-heading-title elementor-size-default\">Accessible imm\u00e9diatement \u2013 24 heures sur 24<\/h2>\t\t\t\t<\/div>\n\t\t\t\t<div class=\"elementor-element elementor-element-6fee693 elementor-widget elementor-widget-text-editor\" data-id=\"6fee693\" data-element_type=\"widget\" data-e-type=\"widget\" data-widget_type=\"text-editor.default\">\n\t\t\t\t\t\t\t\t\t<p>Notre ligne d'assistance t\u00e9l\u00e9phonique joignable 24h\/24 et 7j\/7 est sp\u00e9cialement con\u00e7ue pour les exploitants qui ont besoin de s\u00e9curit\u00e9 et de solutions rapides \u00e0 tout moment.<\/p>\t\t\t\t\t\t\t\t<\/div>\n\t\t\t\t<div class=\"elementor-element elementor-element-7b3e82c elementor-list-item-link-inline elementor-icon-list--layout-traditional elementor-widget elementor-widget-icon-list\" data-id=\"7b3e82c\" data-element_type=\"widget\" data-e-type=\"widget\" data-widget_type=\"icon-list.default\">\n\t\t\t\t\t\t\t<ul class=\"elementor-icon-list-items\">\n\t\t\t\t\t\t\t<li class=\"elementor-icon-list-item\">\n\t\t\t\t\t\t\t\t\t\t\t<span class=\"elementor-icon-list-icon\">\n\t\t\t\t\t\t\t<svg aria-hidden=\"true\" class=\"e-font-icon-svg e-fas-circle\" viewbox=\"0 0 512 512\" xmlns=\"http:\/\/www.w3.org\/2000\/svg\"><path d=\"M256 8C119 8 8 119 8 256s111 248 248 248 248-111 248-248S393 8 256 8z\"><\/path><\/svg>\t\t\t\t\t\t<\/span>\n\t\t\t\t\t\t\t\t\t\t<span class=\"elementor-icon-list-text\">Accessibilit\u00e9 directe<\/span>\n\t\t\t\t\t\t\t\t\t<\/li>\n\t\t\t\t\t\t\t\t<li class=\"elementor-icon-list-item\">\n\t\t\t\t\t\t\t\t\t\t\t<span class=\"elementor-icon-list-icon\">\n\t\t\t\t\t\t\t<svg aria-hidden=\"true\" class=\"e-font-icon-svg e-fas-circle\" viewbox=\"0 0 512 512\" xmlns=\"http:\/\/www.w3.org\/2000\/svg\"><path d=\"M256 8C119 8 8 119 8 256s111 248 248 248 248-111 248-248S393 8 256 8z\"><\/path><\/svg>\t\t\t\t\t\t<\/span>\n\t\t\t\t\t\t\t\t\t\t<span class=\"elementor-icon-list-text\">Enregistrement imm\u00e9diat du probl\u00e8me<\/span>\n\t\t\t\t\t\t\t\t\t<\/li>\n\t\t\t\t\t\t\t\t<li class=\"elementor-icon-list-item\">\n\t\t\t\t\t\t\t\t\t\t\t<span class=\"elementor-icon-list-icon\">\n\t\t\t\t\t\t\t<svg aria-hidden=\"true\" class=\"e-font-icon-svg e-fas-circle\" viewbox=\"0 0 512 512\" xmlns=\"http:\/\/www.w3.org\/2000\/svg\"><path d=\"M256 8C119 8 8 119 8 256s111 248 248 248 248-111 248-248S393 8 256 8z\"><\/path><\/svg>\t\t\t\t\t\t<\/span>\n\t\t\t\t\t\t\t\t\t\t<span class=\"elementor-icon-list-text\">Assistance pour les questions urgentes<\/span>\n\t\t\t\t\t\t\t\t\t<\/li>\n\t\t\t\t\t\t\t\t<li class=\"elementor-icon-list-item\">\n\t\t\t\t\t\t\t\t\t\t\t<span class=\"elementor-icon-list-icon\">\n\t\t\t\t\t\t\t<svg aria-hidden=\"true\" class=\"e-font-icon-svg e-fas-circle\" viewbox=\"0 0 512 512\" xmlns=\"http:\/\/www.w3.org\/2000\/svg\"><path d=\"M256 8C119 8 8 119 8 256s111 248 248 248 248-111 248-248S393 8 256 8z\"><\/path><\/svg>\t\t\t\t\t\t<\/span>\n\t\t\t\t\t\t\t\t\t\t<span class=\"elementor-icon-list-text\">\u00c9valuation rapide par du personnel qualifi\u00e9<\/span>\n\t\t\t\t\t\t\t\t\t<\/li>\n\t\t\t\t\t\t<\/ul>\n\t\t\t\t\t\t<\/div>\n\t\t\t\t<div class=\"elementor-element elementor-element-6ae5b50 elementor-align-left elementor-widget elementor-widget-button\" data-id=\"6ae5b50\" data-element_type=\"widget\" data-e-type=\"widget\" data-widget_type=\"button.default\">\n\t\t\t\t\t\t\t\t\t\t<a class=\"elementor-button elementor-button-link elementor-size-sm\" href=\"tel:+49293596520\">\n\t\t\t\t\t\t<span class=\"elementor-button-content-wrapper\">\n\t\t\t\t\t\t<span class=\"elementor-button-icon\">\n\t\t\t\t<svg xmlns=\"http:\/\/www.w3.org\/2000\/svg\" id=\"Ebene_2\" data-name=\"Ebene 2\" viewbox=\"0 0 18 18\"><defs><style>      .cls-1 {        stroke-width: 0px;      }    <\/style><\/defs><g id=\"Ebene_1-2\" data-name=\"Ebene 1\"><path class=\"cls-1\" d=\"M1.05,18c-.3,0-.55-.1-.75-.3s-.3-.45-.3-.75v-4.05c0-.22.08-.41.23-.59s.34-.3.58-.36l3.45-.7c.23-.03.47-.01.71.06s.44.19.59.34l2.35,2.35c.63-.37,1.23-.77,1.8-1.21.57-.44,1.11-.92,1.63-1.44.55-.53,1.05-1.09,1.51-1.66s.85-1.17,1.19-1.79l-2.43-2.45c-.13-.13-.23-.29-.28-.48s-.06-.41-.03-.68l.65-3.5c.03-.22.14-.4.33-.56s.39-.24.63-.24h4.05c.3,0,.55.1.75.3s.3.45.3.75c0,2.08-.45,4.14-1.36,6.18-.91,2.03-2.2,3.88-3.86,5.55s-3.52,2.95-5.55,3.86-4.09,1.36-6.18,1.36ZM14.95,6c.28-.65.5-1.31.65-1.98s.27-1.34.35-2.03h-2.2l-.45,2.35,1.65,1.65ZM6,14.9l-1.65-1.65-2.35.5v2.2c.68-.05,1.36-.17,2.03-.35.67-.18,1.33-.42,1.98-.7Z\"><\/path><\/g><\/svg>\t\t\t<\/span>\n\t\t\t\t\t\t\t\t\t<span class=\"elementor-button-text\">Contacter le service<\/span>\n\t\t\t\t\t<\/span>\n\t\t\t\t\t<\/a>\n\t\t\t\t\t\t\t\t<\/div>\n\t\t\t\t<\/div>\n\t\t\t\t<\/div>\n\t\t\t\t\t<\/div>\n\t\t\t\t<\/div>\n\t\t\t\t<\/div>","protected":false},"excerpt":{"rendered":"<p>Art of Cryo 24h COOL-Line Mehr erfahren Ihre 24-Stunden-Servicehotline Schnelle Unterst\u00fctzung im Betreiberalltag Die Art of Cryo \u201eCOOL-Line\u201c ist die zentrale 24-Stunden-Rufbereitschaft f\u00fcr Betreiber, die im t\u00e4glichen Betrieb auf schnelle, kompetente und verl\u00e4ssliche Unterst\u00fctzung angewiesen sind.Unser Serviceteam reagiert strukturiert und l\u00f6sungsorientiert \u2013 direkt aus dem technischen Supportumfeld und auf Basis deutscher Ingenieur- und Servicekompetenz. Ob [&hellip;]<\/p>\n","protected":false},"author":1,"featured_media":0,"parent":1740,"menu_order":0,"comment_status":"closed","ping_status":"closed","template":"elementor_header_footer","meta":{"footnotes":""},"class_list":["post-1734","page","type-page","status-publish","hentry"],"yoast_head":"<!-- This site is optimized with the Yoast SEO plugin v27.3 - https:\/\/yoast.com\/product\/yoast-seo-wordpress\/ -->\n<title>24h COOL-Line - Art of Cryo<\/title>\n<meta name=\"robots\" content=\"index, follow, max-snippet:-1, max-image-preview:large, max-video-preview:-1\" \/>\n<link rel=\"canonical\" href=\"https:\/\/artofcryo.com\/fr\/service\/24h-ligne-de-garde\/\" \/>\n<meta property=\"og:locale\" content=\"fr_FR\" \/>\n<meta property=\"og:type\" content=\"article\" \/>\n<meta property=\"og:title\" content=\"24h COOL-Line - Art of Cryo\" \/>\n<meta property=\"og:description\" content=\"Art of Cryo 24h COOL-Line Mehr erfahren Ihre 24-Stunden-Servicehotline Schnelle Unterst\u00fctzung im Betreiberalltag Die Art of Cryo \u201eCOOL-Line\u201c ist die zentrale 24-Stunden-Rufbereitschaft f\u00fcr Betreiber, die im t\u00e4glichen Betrieb auf schnelle, kompetente und verl\u00e4ssliche Unterst\u00fctzung angewiesen sind.Unser Serviceteam reagiert strukturiert und l\u00f6sungsorientiert \u2013 direkt aus dem technischen Supportumfeld und auf Basis deutscher Ingenieur- und Servicekompetenz. Ob [&hellip;]\" \/>\n<meta property=\"og:url\" content=\"https:\/\/artofcryo.com\/fr\/service\/24h-ligne-de-garde\/\" \/>\n<meta property=\"og:site_name\" content=\"Art of Cryo\" \/>\n<meta property=\"article:publisher\" content=\"https:\/\/www.facebook.com\/artofcryo\" \/>\n<meta property=\"article:modified_time\" content=\"2026-04-17T12:05:22+00:00\" \/>\n<meta name=\"twitter:card\" content=\"summary_large_image\" \/>\n<meta name=\"twitter:label1\" content=\"Dur\u00e9e de lecture estim\u00e9e\" \/>\n\t<meta name=\"twitter:data1\" content=\"1 minute\" \/>\n<script type=\"application\/ld+json\" class=\"yoast-schema-graph\">{\"@context\":\"https:\\\/\\\/schema.org\",\"@graph\":[{\"@type\":\"WebPage\",\"@id\":\"https:\\\/\\\/artofcryo.com\\\/service\\\/24h-cool-line\\\/\",\"url\":\"https:\\\/\\\/artofcryo.com\\\/service\\\/24h-cool-line\\\/\",\"name\":\"24h COOL-Line - Art of Cryo\",\"isPartOf\":{\"@id\":\"https:\\\/\\\/artofcryo.com\\\/#website\"},\"datePublished\":\"2025-12-09T12:56:12+00:00\",\"dateModified\":\"2026-04-17T12:05:22+00:00\",\"breadcrumb\":{\"@id\":\"https:\\\/\\\/artofcryo.com\\\/service\\\/24h-cool-line\\\/#breadcrumb\"},\"inLanguage\":\"fr-FR\",\"potentialAction\":[{\"@type\":\"ReadAction\",\"target\":[\"https:\\\/\\\/artofcryo.com\\\/service\\\/24h-cool-line\\\/\"]}]},{\"@type\":\"BreadcrumbList\",\"@id\":\"https:\\\/\\\/artofcryo.com\\\/service\\\/24h-cool-line\\\/#breadcrumb\",\"itemListElement\":[{\"@type\":\"ListItem\",\"position\":1,\"name\":\"Start\",\"item\":\"https:\\\/\\\/artofcryo.com\\\/\"},{\"@type\":\"ListItem\",\"position\":2,\"name\":\"Service\",\"item\":\"https:\\\/\\\/artofcryo.com\\\/service\\\/\"},{\"@type\":\"ListItem\",\"position\":3,\"name\":\"24h COOL-Line\"}]},{\"@type\":\"WebSite\",\"@id\":\"https:\\\/\\\/artofcryo.com\\\/#website\",\"url\":\"https:\\\/\\\/artofcryo.com\\\/\",\"name\":\"Art of Cryo\",\"description\":\"\",\"publisher\":{\"@id\":\"https:\\\/\\\/artofcryo.com\\\/#organization\"},\"potentialAction\":[{\"@type\":\"SearchAction\",\"target\":{\"@type\":\"EntryPoint\",\"urlTemplate\":\"https:\\\/\\\/artofcryo.com\\\/?s={search_term_string}\"},\"query-input\":{\"@type\":\"PropertyValueSpecification\",\"valueRequired\":true,\"valueName\":\"search_term_string\"}}],\"inLanguage\":\"fr-FR\"},{\"@type\":\"Organization\",\"@id\":\"https:\\\/\\\/artofcryo.com\\\/#organization\",\"name\":\"Art of Cryo eine Division von L & R K\u00e4ltetechnik GmbH & Co. KG\",\"alternateName\":\"Art of Cryo\",\"url\":\"https:\\\/\\\/artofcryo.com\\\/\",\"logo\":{\"@type\":\"ImageObject\",\"inLanguage\":\"fr-FR\",\"@id\":\"https:\\\/\\\/artofcryo.com\\\/#\\\/schema\\\/logo\\\/image\\\/\",\"url\":\"https:\\\/\\\/artofcryo.com\\\/wp-content\\\/uploads\\\/2025\\\/11\\\/logo-aoc-01.svg\",\"contentUrl\":\"https:\\\/\\\/artofcryo.com\\\/wp-content\\\/uploads\\\/2025\\\/11\\\/logo-aoc-01.svg\",\"width\":1873,\"height\":458,\"caption\":\"Art of Cryo eine Division von L & R K\u00e4ltetechnik GmbH & Co. KG\"},\"image\":{\"@id\":\"https:\\\/\\\/artofcryo.com\\\/#\\\/schema\\\/logo\\\/image\\\/\"},\"sameAs\":[\"https:\\\/\\\/www.facebook.com\\\/artofcryo\",\"https:\\\/\\\/www.instagram.com\\\/artofcryo\\\/\",\"https:\\\/\\\/de.linkedin.com\\\/company\\\/artofcryo\"]}]}<\/script>\n<!-- \/ Yoast SEO plugin. -->","yoast_head_json":{"title":"24h COOL-Line - L'art de la cryog\u00e9nisation","robots":{"index":"index","follow":"follow","max-snippet":"max-snippet:-1","max-image-preview":"max-image-preview:large","max-video-preview":"max-video-preview:-1"},"canonical":"https:\/\/artofcryo.com\/fr\/service\/24h-ligne-de-garde\/","og_locale":"fr_FR","og_type":"article","og_title":"24h COOL-Line - Art of Cryo","og_description":"Art of Cryo 24h COOL-Line Mehr erfahren Ihre 24-Stunden-Servicehotline Schnelle Unterst\u00fctzung im Betreiberalltag Die Art of Cryo \u201eCOOL-Line\u201c ist die zentrale 24-Stunden-Rufbereitschaft f\u00fcr Betreiber, die im t\u00e4glichen Betrieb auf schnelle, kompetente und verl\u00e4ssliche Unterst\u00fctzung angewiesen sind.Unser Serviceteam reagiert strukturiert und l\u00f6sungsorientiert \u2013 direkt aus dem technischen Supportumfeld und auf Basis deutscher Ingenieur- und Servicekompetenz. Ob [&hellip;]","og_url":"https:\/\/artofcryo.com\/fr\/service\/24h-ligne-de-garde\/","og_site_name":"Art of Cryo","article_publisher":"https:\/\/www.facebook.com\/artofcryo","article_modified_time":"2026-04-17T12:05:22+00:00","twitter_card":"summary_large_image","twitter_misc":{"Dur\u00e9e de lecture estim\u00e9e":"1 minute"},"schema":{"@context":"https:\/\/schema.org","@graph":[{"@type":"WebPage","@id":"https:\/\/artofcryo.com\/service\/24h-cool-line\/","url":"https:\/\/artofcryo.com\/service\/24h-cool-line\/","name":"24h COOL-Line - L'art de la cryog\u00e9nisation","isPartOf":{"@id":"https:\/\/artofcryo.com\/#website"},"datePublished":"2025-12-09T12:56:12+00:00","dateModified":"2026-04-17T12:05:22+00:00","breadcrumb":{"@id":"https:\/\/artofcryo.com\/service\/24h-cool-line\/#breadcrumb"},"inLanguage":"fr-FR","potentialAction":[{"@type":"ReadAction","target":["https:\/\/artofcryo.com\/service\/24h-cool-line\/"]}]},{"@type":"BreadcrumbList","@id":"https:\/\/artofcryo.com\/service\/24h-cool-line\/#breadcrumb","itemListElement":[{"@type":"ListItem","position":1,"name":"Start","item":"https:\/\/artofcryo.com\/"},{"@type":"ListItem","position":2,"name":"Service","item":"https:\/\/artofcryo.com\/service\/"},{"@type":"ListItem","position":3,"name":"24h COOL-Line"}]},{"@type":"WebSite","@id":"https:\/\/artofcryo.com\/#website","url":"https:\/\/artofcryo.com\/","name":"L'art de la cryog\u00e9nisation","description":"","publisher":{"@id":"https:\/\/artofcryo.com\/#organization"},"potentialAction":[{"@type":"SearchAction","target":{"@type":"EntryPoint","urlTemplate":"https:\/\/artofcryo.com\/?s={search_term_string}"},"query-input":{"@type":"PropertyValueSpecification","valueRequired":true,"valueName":"search_term_string"}}],"inLanguage":"fr-FR"},{"@type":"Organization","@id":"https:\/\/artofcryo.com\/#organization","name":"Art of Cryo, une division de L &amp; R K\u00e4ltetechnik GmbH &amp; Co. KG","alternateName":"Art of Cryo","url":"https:\/\/artofcryo.com\/","logo":{"@type":"ImageObject","inLanguage":"fr-FR","@id":"https:\/\/artofcryo.com\/#\/schema\/logo\/image\/","url":"https:\/\/artofcryo.com\/wp-content\/uploads\/2025\/11\/logo-aoc-01.svg","contentUrl":"https:\/\/artofcryo.com\/wp-content\/uploads\/2025\/11\/logo-aoc-01.svg","width":1873,"height":458,"caption":"Art of Cryo eine Division von L & R K\u00e4ltetechnik GmbH & Co. KG"},"image":{"@id":"https:\/\/artofcryo.com\/#\/schema\/logo\/image\/"},"sameAs":["https:\/\/www.facebook.com\/artofcryo","https:\/\/www.instagram.com\/artofcryo\/","https:\/\/de.linkedin.com\/company\/artofcryo"]}]}},"_links":{"self":[{"href":"https:\/\/artofcryo.com\/fr\/wp-json\/wp\/v2\/pages\/1734","targetHints":{"allow":["GET"]}}],"collection":[{"href":"https:\/\/artofcryo.com\/fr\/wp-json\/wp\/v2\/pages"}],"about":[{"href":"https:\/\/artofcryo.com\/fr\/wp-json\/wp\/v2\/types\/page"}],"author":[{"embeddable":true,"href":"https:\/\/artofcryo.com\/fr\/wp-json\/wp\/v2\/users\/1"}],"replies":[{"embeddable":true,"href":"https:\/\/artofcryo.com\/fr\/wp-json\/wp\/v2\/comments?post=1734"}],"version-history":[{"count":3,"href":"https:\/\/artofcryo.com\/fr\/wp-json\/wp\/v2\/pages\/1734\/revisions"}],"predecessor-version":[{"id":4214,"href":"https:\/\/artofcryo.com\/fr\/wp-json\/wp\/v2\/pages\/1734\/revisions\/4214"}],"up":[{"embeddable":true,"href":"https:\/\/artofcryo.com\/fr\/wp-json\/wp\/v2\/pages\/1740"}],"wp:attachment":[{"href":"https:\/\/artofcryo.com\/fr\/wp-json\/wp\/v2\/media?parent=1734"}],"curies":[{"name":"wp","href":"https:\/\/api.w.org\/{rel}","templated":true}]}}