{"id":1927,"date":"2025-12-10T14:50:15","date_gmt":"2025-12-10T13:50:15","guid":{"rendered":"https:\/\/artofcryo.com\/?page_id=1927"},"modified":"2026-02-17T12:32:07","modified_gmt":"2026-02-17T11:32:07","slug":"pieces-de-rechange-et-telechargements","status":"publish","type":"page","link":"https:\/\/artofcryo.com\/fr\/service\/ersatzteile-und-downloads\/","title":{"rendered":"Pi\u00e8ces de rechange"},"content":{"rendered":"<div data-elementor-type=\"wp-page\" data-elementor-id=\"1927\" class=\"elementor elementor-1927\" data-elementor-post-type=\"page\">\n\t\t\t\t<div class=\"elementor-element elementor-element-987d27b e-flex e-con-boxed e-con e-parent\" data-id=\"987d27b\" data-element_type=\"container\" data-e-type=\"container\" data-settings=\"{&quot;background_background&quot;:&quot;classic&quot;}\">\n\t\t\t\t\t<div class=\"e-con-inner\">\n\t\t<div class=\"elementor-element elementor-element-fd4476b e-con-full e-flex e-con e-child\" data-id=\"fd4476b\" data-element_type=\"container\" data-e-type=\"container\">\n\t\t\t\t<div class=\"elementor-element elementor-element-a547dd8 elementor-widget elementor-widget-heading\" data-id=\"a547dd8\" data-element_type=\"widget\" data-e-type=\"widget\" data-widget_type=\"heading.default\">\n\t\t\t\t\t<p class=\"elementor-heading-title elementor-size-default\">L'art de la cryog\u00e9nisation<\/p>\t\t\t\t<\/div>\n\t\t\t\t<div class=\"elementor-element elementor-element-001e02b elementor-widget elementor-widget-heading\" data-id=\"001e02b\" data-element_type=\"widget\" data-e-type=\"widget\" data-widget_type=\"heading.default\">\n\t\t\t\t\t<h1 class=\"elementor-heading-title elementor-size-default\">Pi\u00e8ces de rechange<\/h1>\t\t\t\t<\/div>\n\t\t\t\t<div class=\"elementor-element elementor-element-012f514 elementor-widget elementor-widget-button\" data-id=\"012f514\" data-element_type=\"widget\" data-e-type=\"widget\" data-widget_type=\"button.default\">\n\t\t\t\t\t\t\t\t\t\t<a class=\"elementor-button elementor-button-link elementor-size-sm\" href=\"#top\">\n\t\t\t\t\t\t<span class=\"elementor-button-content-wrapper\">\n\t\t\t\t\t\t<span class=\"elementor-button-icon\">\n\t\t\t\t<svg xmlns=\"http:\/\/www.w3.org\/2000\/svg\" id=\"Ebene_2\" data-name=\"Ebene 2\" viewbox=\"0 0 16 16\"><defs><style>      .cls-1 {        stroke-width: 0px;      }    <\/style><\/defs><g id=\"Ebene_1-2\" data-name=\"Ebene 1\"><path class=\"cls-1\" d=\"M12.18,9H0v-2h12.18L6.58,1.4l1.43-1.4,8,8-8,8-1.43-1.4,5.6-5.6Z\"><\/path><\/g><\/svg>\t\t\t<\/span>\n\t\t\t\t\t\t\t\t\t<span class=\"elementor-button-text\">En savoir plus<\/span>\n\t\t\t\t\t<\/span>\n\t\t\t\t\t<\/a>\n\t\t\t\t\t\t\t\t<\/div>\n\t\t\t\t<\/div>\n\t\t\t\t\t<\/div>\n\t\t\t\t<\/div>\n\t\t<div class=\"elementor-element elementor-element-e39f24f e-flex e-con-boxed e-con e-parent\" data-id=\"e39f24f\" data-element_type=\"container\" data-e-type=\"container\" id=\"top\">\n\t\t\t\t\t<div class=\"e-con-inner\">\n\t\t<div class=\"elementor-element elementor-element-d9222b4 e-con-full e-flex e-con e-child\" data-id=\"d9222b4\" data-element_type=\"container\" data-e-type=\"container\">\n\t\t\t\t<div class=\"elementor-element elementor-element-e34189b elementor-widget__width-initial elementor-widget-tablet__width-inherit elementor-widget elementor-widget-heading\" data-id=\"e34189b\" data-element_type=\"widget\" data-e-type=\"widget\" data-widget_type=\"heading.default\">\n\t\t\t\t\t<h2 class=\"elementor-heading-title elementor-size-default\">Composants et documents d'origine pour votre entreprise<\/h2>\t\t\t\t<\/div>\n\t\t\t\t<div class=\"elementor-element elementor-element-b906b10 elementor-widget__width-initial elementor-widget elementor-widget-text-editor\" data-id=\"b906b10\" data-element_type=\"widget\" data-e-type=\"widget\" data-widget_type=\"text-editor.default\">\n\t\t\t\t\t\t\t\t\t<p>Les syst\u00e8mes Art of Cryo sont enti\u00e8rement d\u00e9velopp\u00e9s et fabriqu\u00e9s dans le si\u00e8ge social de L&amp;R K\u00e4ltetechnik.<br \/>Pour les exploitants, cela signifie : une s\u00e9curit\u00e9 d'exploitation maximale, des pi\u00e8ces de rechange d'origine disponibles et une documentation technique compl\u00e8te.<\/p><p>Dans la section t\u00e9l\u00e9chargement, vous trouverez tous les documents pertinents concernant l'installation, le fonctionnement, la s\u00e9curit\u00e9 et la technologie.<\/p>\t\t\t\t\t\t\t\t<\/div>\n\t\t<div class=\"elementor-element elementor-element-7cacd22 e-con-full e-flex e-con e-child\" data-id=\"7cacd22\" data-element_type=\"container\" data-e-type=\"container\">\n\t\t\t\t<div class=\"elementor-element elementor-element-eeb0ba8 elementor-align-left elementor-widget elementor-widget-button\" data-id=\"eeb0ba8\" data-element_type=\"widget\" data-e-type=\"widget\" data-widget_type=\"button.default\">\n\t\t\t\t\t\t\t\t\t\t<a class=\"elementor-button elementor-button-link elementor-size-sm\" href=\"https:\/\/artofcryo.com\/fr\/service\/reservation-de-rendez-vous\/\">\n\t\t\t\t\t\t<span class=\"elementor-button-content-wrapper\">\n\t\t\t\t\t\t<span class=\"elementor-button-icon\">\n\t\t\t\t<svg xmlns=\"http:\/\/www.w3.org\/2000\/svg\" id=\"Ebene_2\" data-name=\"Ebene 2\" viewbox=\"0 0 16 16\"><defs><style>      .cls-1 {        stroke-width: 0px;      }    <\/style><\/defs><g id=\"Ebene_1-2\" data-name=\"Ebene 1\"><path class=\"cls-1\" d=\"M12.18,9H0v-2h12.18L6.58,1.4l1.43-1.4,8,8-8,8-1.43-1.4,5.6-5.6Z\"><\/path><\/g><\/svg>\t\t\t<\/span>\n\t\t\t\t\t\t\t\t\t<span class=\"elementor-button-text\">Demande de pi\u00e8ces de rechange<\/span>\n\t\t\t\t\t<\/span>\n\t\t\t\t\t<\/a>\n\t\t\t\t\t\t\t\t<\/div>\n\t\t\t\t<\/div>\n\t\t\t\t<\/div>\n\t\t<div class=\"elementor-element elementor-element-421a383 e-con-full cold-smoke e-flex elementor-invisible e-con e-child\" data-id=\"421a383\" data-element_type=\"container\" data-e-type=\"container\" data-settings=\"{&quot;animation&quot;:&quot;fadeInUp&quot;}\">\n\t\t\t\t<div class=\"elementor-element elementor-element-8259faf elementor-widget elementor-widget-heading\" data-id=\"8259faf\" data-element_type=\"widget\" data-e-type=\"widget\" data-widget_type=\"heading.default\">\n\t\t\t\t\t<h2 class=\"elementor-heading-title elementor-size-default\">Pi\u00e8ces de rechange d'origine<\/h2>\t\t\t\t<\/div>\n\t\t\t\t<div class=\"elementor-element elementor-element-3e29c3f elementor-widget-mobile__width-inherit elementor-widget-tablet__width-inherit elementor-widget elementor-widget-heading\" data-id=\"3e29c3f\" data-element_type=\"widget\" data-e-type=\"widget\" data-widget_type=\"heading.default\">\n\t\t\t\t\t<h3 class=\"elementor-heading-title elementor-size-default\">Qualit\u00e9 directe du fabricant<\/h3>\t\t\t\t<\/div>\n\t\t\t\t<div class=\"elementor-element elementor-element-8919ce9 elementor-widget elementor-widget-text-editor\" data-id=\"8919ce9\" data-element_type=\"widget\" data-e-type=\"widget\" data-widget_type=\"text-editor.default\">\n\t\t\t\t\t\t\t\t\t<p>Pour garantir le bon fonctionnement des chambres froides Vaultz\u00ae, du M.C.S. et du Flow System sur le long terme, nous recommandons exclusivement des composants d'origine. Les pi\u00e8ces de rechange peuvent \u00eatre obtenues \u00e0 tout moment aupr\u00e8s du service Art of Cryo ou dans le cadre d'un contrat de maintenance.<\/p><p><strong>Vos avantages\u00a0:<\/strong><\/p>\t\t\t\t\t\t\t\t<\/div>\n\t\t\t\t<div class=\"elementor-element elementor-element-5ab112a elementor-list-item-link-inline elementor-icon-list--layout-traditional elementor-widget elementor-widget-icon-list\" data-id=\"5ab112a\" data-element_type=\"widget\" data-e-type=\"widget\" data-widget_type=\"icon-list.default\">\n\t\t\t\t\t\t\t<ul class=\"elementor-icon-list-items\">\n\t\t\t\t\t\t\t<li class=\"elementor-icon-list-item\">\n\t\t\t\t\t\t\t\t\t\t\t<span class=\"elementor-icon-list-icon\">\n\t\t\t\t\t\t\t<svg aria-hidden=\"true\" class=\"e-font-icon-svg e-fas-circle\" viewbox=\"0 0 512 512\" xmlns=\"http:\/\/www.w3.org\/2000\/svg\"><path d=\"M256 8C119 8 8 119 8 256s111 248 248 248 248-111 248-248S393 8 256 8z\"><\/path><\/svg>\t\t\t\t\t\t<\/span>\n\t\t\t\t\t\t\t\t\t\t<span class=\"elementor-icon-list-text\">Ajustement parfait<\/span>\n\t\t\t\t\t\t\t\t\t<\/li>\n\t\t\t\t\t\t\t\t<li class=\"elementor-icon-list-item\">\n\t\t\t\t\t\t\t\t\t\t\t<span class=\"elementor-icon-list-icon\">\n\t\t\t\t\t\t\t<svg aria-hidden=\"true\" class=\"e-font-icon-svg e-fas-circle\" viewbox=\"0 0 512 512\" xmlns=\"http:\/\/www.w3.org\/2000\/svg\"><path d=\"M256 8C119 8 8 119 8 256s111 248 248 248 248-111 248-248S393 8 256 8z\"><\/path><\/svg>\t\t\t\t\t\t<\/span>\n\t\t\t\t\t\t\t\t\t\t<span class=\"elementor-icon-list-text\">Stabilit\u00e9 de performance et de temp\u00e9rature compl\u00e8te<\/span>\n\t\t\t\t\t\t\t\t\t<\/li>\n\t\t\t\t\t\t\t\t<li class=\"elementor-icon-list-item\">\n\t\t\t\t\t\t\t\t\t\t\t<span class=\"elementor-icon-list-icon\">\n\t\t\t\t\t\t\t<svg aria-hidden=\"true\" class=\"e-font-icon-svg e-fas-circle\" viewbox=\"0 0 512 512\" xmlns=\"http:\/\/www.w3.org\/2000\/svg\"><path d=\"M256 8C119 8 8 119 8 256s111 248 248 248 248-111 248-248S393 8 256 8z\"><\/path><\/svg>\t\t\t\t\t\t<\/span>\n\t\t\t\t\t\t\t\t\t\t<span class=\"elementor-icon-list-text\">Long\u00e9vit\u00e9 \u00e9lev\u00e9e<\/span>\n\t\t\t\t\t\t\t\t\t<\/li>\n\t\t\t\t\t\t\t\t<li class=\"elementor-icon-list-item\">\n\t\t\t\t\t\t\t\t\t\t\t<span class=\"elementor-icon-list-icon\">\n\t\t\t\t\t\t\t<svg aria-hidden=\"true\" class=\"e-font-icon-svg e-fas-circle\" viewbox=\"0 0 512 512\" xmlns=\"http:\/\/www.w3.org\/2000\/svg\"><path d=\"M256 8C119 8 8 119 8 256s111 248 248 248 248-111 248-248S393 8 256 8z\"><\/path><\/svg>\t\t\t\t\t\t<\/span>\n\t\t\t\t\t\t\t\t\t\t<span class=\"elementor-icon-list-text\">Disponibilit\u00e9 rapide<\/span>\n\t\t\t\t\t\t\t\t\t<\/li>\n\t\t\t\t\t\t\t\t<li class=\"elementor-icon-list-item\">\n\t\t\t\t\t\t\t\t\t\t\t<span class=\"elementor-icon-list-icon\">\n\t\t\t\t\t\t\t<svg aria-hidden=\"true\" class=\"e-font-icon-svg e-fas-circle\" viewbox=\"0 0 512 512\" xmlns=\"http:\/\/www.w3.org\/2000\/svg\"><path d=\"M256 8C119 8 8 119 8 256s111 248 248 248 248-111 248-248S393 8 256 8z\"><\/path><\/svg>\t\t\t\t\t\t<\/span>\n\t\t\t\t\t\t\t\t\t\t<span class=\"elementor-icon-list-text\">Comp\u00e9tence directe du fabricant<\/span>\n\t\t\t\t\t\t\t\t\t<\/li>\n\t\t\t\t\t\t<\/ul>\n\t\t\t\t\t\t<\/div>\n\t\t\t\t<\/div>\n\t\t\t\t\t<\/div>\n\t\t\t\t<\/div>\n\t\t\t\t<\/div>","protected":false},"excerpt":{"rendered":"<p>Art of Cryo Ersatzteile Mehr erfahren Original&shy;komponenten &amp; Dokumente f\u00fcr Ihren Betrieb Art of Cryo Systeme werden vollst\u00e4ndig im Stammhaus L&amp;R K\u00e4ltetechnik entwickelt und gefertigt.F\u00fcr Betreiber bedeutet das: maximale Betriebssicherheit, verf\u00fcgbare Original-Ersatzteile und vollst\u00e4ndige technische Dokumentation. Im Downloadbereich finden Sie alle relevanten Unterlagen zu Installation, Betrieb, Sicherheit und Technologie. Ersatzteile anfragen Original-Ersatzteile Qualit\u00e4t direkt vom [&hellip;]<\/p>\n","protected":false},"author":1,"featured_media":0,"parent":1740,"menu_order":0,"comment_status":"closed","ping_status":"closed","template":"elementor_header_footer","meta":{"footnotes":""},"class_list":["post-1927","page","type-page","status-publish","hentry"],"yoast_head":"<!-- This site is optimized with the Yoast SEO plugin v27.3 - https:\/\/yoast.com\/product\/yoast-seo-wordpress\/ -->\n<title>Ersatzteile &amp; Downloads | Technische Dokumente<\/title>\n<meta name=\"description\" content=\"Entdecken Sie technische Datenbl\u00e4tter, Systemdokumentation, Handover-Unterlagen, Sicherheitsdokumente und Lookbooks zu Art of Cryo Systemen.\" \/>\n<meta name=\"robots\" content=\"index, follow, max-snippet:-1, max-image-preview:large, max-video-preview:-1\" \/>\n<link rel=\"canonical\" href=\"https:\/\/artofcryo.com\/fr\/service\/pieces-de-rechange-et-telechargements\/\" \/>\n<meta property=\"og:locale\" content=\"fr_FR\" \/>\n<meta property=\"og:type\" content=\"article\" \/>\n<meta property=\"og:title\" content=\"Ersatzteile &amp; Downloads | Technische Dokumente\" \/>\n<meta property=\"og:description\" content=\"Entdecken Sie technische Datenbl\u00e4tter, Systemdokumentation, Handover-Unterlagen, Sicherheitsdokumente und Lookbooks zu Art of Cryo Systemen.\" \/>\n<meta property=\"og:url\" content=\"https:\/\/artofcryo.com\/fr\/service\/pieces-de-rechange-et-telechargements\/\" \/>\n<meta property=\"og:site_name\" content=\"Art of Cryo\" \/>\n<meta property=\"article:publisher\" content=\"https:\/\/www.facebook.com\/artofcryo\" \/>\n<meta property=\"article:modified_time\" content=\"2026-02-17T11:32:07+00:00\" \/>\n<meta name=\"twitter:card\" content=\"summary_large_image\" \/>\n<meta name=\"twitter:label1\" content=\"Dur\u00e9e de lecture estim\u00e9e\" \/>\n\t<meta name=\"twitter:data1\" content=\"1 minute\" \/>\n<script type=\"application\/ld+json\" class=\"yoast-schema-graph\">{\"@context\":\"https:\\\/\\\/schema.org\",\"@graph\":[{\"@type\":\"WebPage\",\"@id\":\"https:\\\/\\\/artofcryo.com\\\/service\\\/ersatzteile-und-downloads\\\/\",\"url\":\"https:\\\/\\\/artofcryo.com\\\/service\\\/ersatzteile-und-downloads\\\/\",\"name\":\"Ersatzteile & Downloads | Technische Dokumente\",\"isPartOf\":{\"@id\":\"https:\\\/\\\/artofcryo.com\\\/#website\"},\"datePublished\":\"2025-12-10T13:50:15+00:00\",\"dateModified\":\"2026-02-17T11:32:07+00:00\",\"description\":\"Entdecken Sie technische Datenbl\u00e4tter, Systemdokumentation, Handover-Unterlagen, Sicherheitsdokumente und Lookbooks zu Art of Cryo Systemen.\",\"breadcrumb\":{\"@id\":\"https:\\\/\\\/artofcryo.com\\\/service\\\/ersatzteile-und-downloads\\\/#breadcrumb\"},\"inLanguage\":\"fr-FR\",\"potentialAction\":[{\"@type\":\"ReadAction\",\"target\":[\"https:\\\/\\\/artofcryo.com\\\/service\\\/ersatzteile-und-downloads\\\/\"]}]},{\"@type\":\"BreadcrumbList\",\"@id\":\"https:\\\/\\\/artofcryo.com\\\/service\\\/ersatzteile-und-downloads\\\/#breadcrumb\",\"itemListElement\":[{\"@type\":\"ListItem\",\"position\":1,\"name\":\"Start\",\"item\":\"https:\\\/\\\/artofcryo.com\\\/\"},{\"@type\":\"ListItem\",\"position\":2,\"name\":\"Service\",\"item\":\"https:\\\/\\\/artofcryo.com\\\/service\\\/\"},{\"@type\":\"ListItem\",\"position\":3,\"name\":\"Ersatzteile\"}]},{\"@type\":\"WebSite\",\"@id\":\"https:\\\/\\\/artofcryo.com\\\/#website\",\"url\":\"https:\\\/\\\/artofcryo.com\\\/\",\"name\":\"Art of Cryo\",\"description\":\"\",\"publisher\":{\"@id\":\"https:\\\/\\\/artofcryo.com\\\/#organization\"},\"potentialAction\":[{\"@type\":\"SearchAction\",\"target\":{\"@type\":\"EntryPoint\",\"urlTemplate\":\"https:\\\/\\\/artofcryo.com\\\/?s={search_term_string}\"},\"query-input\":{\"@type\":\"PropertyValueSpecification\",\"valueRequired\":true,\"valueName\":\"search_term_string\"}}],\"inLanguage\":\"fr-FR\"},{\"@type\":\"Organization\",\"@id\":\"https:\\\/\\\/artofcryo.com\\\/#organization\",\"name\":\"Art of Cryo eine Division von L & R K\u00e4ltetechnik GmbH & Co. KG\",\"alternateName\":\"Art of Cryo\",\"url\":\"https:\\\/\\\/artofcryo.com\\\/\",\"logo\":{\"@type\":\"ImageObject\",\"inLanguage\":\"fr-FR\",\"@id\":\"https:\\\/\\\/artofcryo.com\\\/#\\\/schema\\\/logo\\\/image\\\/\",\"url\":\"https:\\\/\\\/artofcryo.com\\\/wp-content\\\/uploads\\\/2025\\\/11\\\/logo-aoc-01.svg\",\"contentUrl\":\"https:\\\/\\\/artofcryo.com\\\/wp-content\\\/uploads\\\/2025\\\/11\\\/logo-aoc-01.svg\",\"width\":1873,\"height\":458,\"caption\":\"Art of Cryo eine Division von L & R K\u00e4ltetechnik GmbH & Co. KG\"},\"image\":{\"@id\":\"https:\\\/\\\/artofcryo.com\\\/#\\\/schema\\\/logo\\\/image\\\/\"},\"sameAs\":[\"https:\\\/\\\/www.facebook.com\\\/artofcryo\",\"https:\\\/\\\/www.instagram.com\\\/artofcryo\\\/\",\"https:\\\/\\\/de.linkedin.com\\\/company\\\/artofcryo\"]}]}<\/script>\n<!-- \/ Yoast SEO plugin. -->","yoast_head_json":{"title":"Pi\u00e8ces de rechange et t\u00e9l\u00e9chargements | Documents techniques","description":"D\u00e9couvrez les fiches techniques, la documentation syst\u00e8me, les documents de transfert, les documents de s\u00e9curit\u00e9 et les lookbooks des syst\u00e8mes Art of Cryo.","robots":{"index":"index","follow":"follow","max-snippet":"max-snippet:-1","max-image-preview":"max-image-preview:large","max-video-preview":"max-video-preview:-1"},"canonical":"https:\/\/artofcryo.com\/fr\/service\/pieces-de-rechange-et-telechargements\/","og_locale":"fr_FR","og_type":"article","og_title":"Ersatzteile & Downloads | Technische Dokumente","og_description":"Entdecken Sie technische Datenbl\u00e4tter, Systemdokumentation, Handover-Unterlagen, Sicherheitsdokumente und Lookbooks zu Art of Cryo Systemen.","og_url":"https:\/\/artofcryo.com\/fr\/service\/pieces-de-rechange-et-telechargements\/","og_site_name":"Art of Cryo","article_publisher":"https:\/\/www.facebook.com\/artofcryo","article_modified_time":"2026-02-17T11:32:07+00:00","twitter_card":"summary_large_image","twitter_misc":{"Dur\u00e9e de lecture estim\u00e9e":"1 minute"},"schema":{"@context":"https:\/\/schema.org","@graph":[{"@type":"WebPage","@id":"https:\/\/artofcryo.com\/service\/ersatzteile-und-downloads\/","url":"https:\/\/artofcryo.com\/service\/ersatzteile-und-downloads\/","name":"Pi\u00e8ces de rechange et t\u00e9l\u00e9chargements | Documents techniques","isPartOf":{"@id":"https:\/\/artofcryo.com\/#website"},"datePublished":"2025-12-10T13:50:15+00:00","dateModified":"2026-02-17T11:32:07+00:00","description":"D\u00e9couvrez les fiches techniques, la documentation syst\u00e8me, les documents de transfert, les documents de s\u00e9curit\u00e9 et les lookbooks des syst\u00e8mes Art of Cryo.","breadcrumb":{"@id":"https:\/\/artofcryo.com\/service\/ersatzteile-und-downloads\/#breadcrumb"},"inLanguage":"fr-FR","potentialAction":[{"@type":"ReadAction","target":["https:\/\/artofcryo.com\/service\/ersatzteile-und-downloads\/"]}]},{"@type":"BreadcrumbList","@id":"https:\/\/artofcryo.com\/service\/ersatzteile-und-downloads\/#breadcrumb","itemListElement":[{"@type":"ListItem","position":1,"name":"Start","item":"https:\/\/artofcryo.com\/"},{"@type":"ListItem","position":2,"name":"Service","item":"https:\/\/artofcryo.com\/service\/"},{"@type":"ListItem","position":3,"name":"Ersatzteile"}]},{"@type":"WebSite","@id":"https:\/\/artofcryo.com\/#website","url":"https:\/\/artofcryo.com\/","name":"L'art de la cryog\u00e9nisation","description":"","publisher":{"@id":"https:\/\/artofcryo.com\/#organization"},"potentialAction":[{"@type":"SearchAction","target":{"@type":"EntryPoint","urlTemplate":"https:\/\/artofcryo.com\/?s={search_term_string}"},"query-input":{"@type":"PropertyValueSpecification","valueRequired":true,"valueName":"search_term_string"}}],"inLanguage":"fr-FR"},{"@type":"Organization","@id":"https:\/\/artofcryo.com\/#organization","name":"Art of Cryo, une division de L &amp; R K\u00e4ltetechnik GmbH &amp; Co. KG","alternateName":"Art of Cryo","url":"https:\/\/artofcryo.com\/","logo":{"@type":"ImageObject","inLanguage":"fr-FR","@id":"https:\/\/artofcryo.com\/#\/schema\/logo\/image\/","url":"https:\/\/artofcryo.com\/wp-content\/uploads\/2025\/11\/logo-aoc-01.svg","contentUrl":"https:\/\/artofcryo.com\/wp-content\/uploads\/2025\/11\/logo-aoc-01.svg","width":1873,"height":458,"caption":"Art of Cryo eine Division von L & R K\u00e4ltetechnik GmbH & Co. KG"},"image":{"@id":"https:\/\/artofcryo.com\/#\/schema\/logo\/image\/"},"sameAs":["https:\/\/www.facebook.com\/artofcryo","https:\/\/www.instagram.com\/artofcryo\/","https:\/\/de.linkedin.com\/company\/artofcryo"]}]}},"_links":{"self":[{"href":"https:\/\/artofcryo.com\/fr\/wp-json\/wp\/v2\/pages\/1927","targetHints":{"allow":["GET"]}}],"collection":[{"href":"https:\/\/artofcryo.com\/fr\/wp-json\/wp\/v2\/pages"}],"about":[{"href":"https:\/\/artofcryo.com\/fr\/wp-json\/wp\/v2\/types\/page"}],"author":[{"embeddable":true,"href":"https:\/\/artofcryo.com\/fr\/wp-json\/wp\/v2\/users\/1"}],"replies":[{"embeddable":true,"href":"https:\/\/artofcryo.com\/fr\/wp-json\/wp\/v2\/comments?post=1927"}],"version-history":[{"count":0,"href":"https:\/\/artofcryo.com\/fr\/wp-json\/wp\/v2\/pages\/1927\/revisions"}],"up":[{"embeddable":true,"href":"https:\/\/artofcryo.com\/fr\/wp-json\/wp\/v2\/pages\/1740"}],"wp:attachment":[{"href":"https:\/\/artofcryo.com\/fr\/wp-json\/wp\/v2\/media?parent=1927"}],"curies":[{"name":"wp","href":"https:\/\/api.w.org\/{rel}","templated":true}]}}